{"id":19624,"date":"2023-05-19T00:34:59","date_gmt":"2023-05-18T22:34:59","guid":{"rendered":"https:\/\/zninpowerboat.pl\/?page_id=19624"},"modified":"2023-05-19T00:36:51","modified_gmt":"2023-05-18T22:36:51","slug":"2023-edition","status":"publish","type":"page","link":"https:\/\/zninpowerboat.pl\/?page_id=19624&lang=en","title":{"rendered":"2023 Edition"},"content":{"rendered":"\t\t<div data-elementor-type=\"wp-page\" data-elementor-id=\"19624\" class=\"elementor elementor-19624\">\n\t\t\t\t\t\t<section class=\"elementor-section elementor-top-section elementor-element elementor-element-49686de elementor-section-height-min-height elementor-section-content-top elementor-section-items-top elementor-section-boxed elementor-section-height-default sc_fly_static\" data-id=\"49686de\" data-element_type=\"section\" data-e-type=\"section\">\n\t\t\t\t\t\t<div class=\"elementor-container elementor-column-gap-extended\">\n\t\t\t\t\t<div class=\"elementor-column elementor-col-100 elementor-top-column elementor-element elementor-element-f1dbf11 sc_layouts_column_align_center sc_layouts_column sc_inner_width_none sc_content_align_inherit sc_layouts_column_icons_position_left sc_fly_static\" data-id=\"f1dbf11\" data-element_type=\"column\" data-e-type=\"column\">\n\t\t\t<div class=\"elementor-widget-wrap elementor-element-populated\">\n\t\t\t\t\t\t<div class=\"elementor-element elementor-element-b5f1be0 elementor-view-default sc_fly_static elementor-widget elementor-widget-icon\" data-id=\"b5f1be0\" data-element_type=\"widget\" data-e-type=\"widget\" data-widget_type=\"icon.default\">\n\t\t\t\t<div class=\"elementor-widget-container\">\n\t\t\t\t\t\t\t<div class=\"elementor-icon-wrapper\">\n\t\t\t<a class=\"elementor-icon\" href=\"#anchor\">\n\t\t\t<svg xmlns=\"http:\/\/www.w3.org\/2000\/svg\" width=\"14.626\" height=\"8.639\" viewBox=\"0 0 14.626 8.639\"><g id=\"down-arrow\" transform=\"translate(0 -70.698)\"><g id=\"Group_8820\" data-name=\"Group 8820\" transform=\"translate(0 100.698)\"><path id=\"Path_6507\" data-name=\"Path 6507\" d=\"M14.392,101.42l-.479-.482a.8.8,0,0,0-1.132,0L7.316,106.4l-5.472-5.472a.8.8,0,0,0-1.132,0l-.479.479a.8.8,0,0,0,0,1.131l6.515,6.538a.818.818,0,0,0,.567.257h0a.818.818,0,0,0,.566-.257l6.508-6.52a.808.808,0,0,0,.234-.571A.8.8,0,0,0,14.392,101.42Z\" transform=\"translate(0 -130.698)\"><\/path><\/g><\/g><\/svg>\t\t\t<\/a>\n\t\t<\/div>\n\t\t\t\t\t\t<\/div>\n\t\t\t\t<\/div>\n\t\t\t\t\t<\/div>\n\t\t<\/div>\n\t\t\t\t\t<\/div>\n\t\t<\/section>\n\t\t\t\t<section class=\"elementor-section elementor-top-section elementor-element elementor-element-07505bc elementor-section-boxed elementor-section-height-default elementor-section-height-default sc_fly_static\" data-id=\"07505bc\" data-element_type=\"section\" data-e-type=\"section\">\n\t\t\t\t\t\t<div class=\"elementor-container elementor-column-gap-extended\">\n\t\t\t\t\t<div class=\"elementor-column elementor-col-100 elementor-top-column elementor-element elementor-element-e81588a sc_inner_width_none sc_content_align_inherit sc_layouts_column_icons_position_left sc_fly_static\" data-id=\"e81588a\" data-element_type=\"column\" data-e-type=\"column\">\n\t\t\t<div class=\"elementor-widget-wrap elementor-element-populated\">\n\t\t\t\t\t\t<div class=\"elementor-element elementor-element-c75e150 sc_height_huge sc_fly_static elementor-widget elementor-widget-spacer\" data-id=\"c75e150\" data-element_type=\"widget\" data-e-type=\"widget\" data-widget_type=\"spacer.default\">\n\t\t\t\t<div class=\"elementor-widget-container\">\n\t\t\t\t\t\t\t<div class=\"elementor-spacer\">\n\t\t\t<div class=\"elementor-spacer-inner\"><\/div>\n\t\t<\/div>\n\t\t\t\t\t\t<\/div>\n\t\t\t\t<\/div>\n\t\t\t\t\t<\/div>\n\t\t<\/div>\n\t\t\t\t\t<\/div>\n\t\t<\/section>\n\t\t\t\t<section class=\"elementor-section elementor-top-section elementor-element elementor-element-2db53d9 elementor-section-stretched elementor-section-boxed elementor-section-height-default elementor-section-height-default sc_fly_static\" data-id=\"2db53d9\" data-element_type=\"section\" data-e-type=\"section\" data-settings=\"{&quot;stretch_section&quot;:&quot;section-stretched&quot;,&quot;background_background&quot;:&quot;classic&quot;}\">\n\t\t\t\t\t\t<div class=\"elementor-container elementor-column-gap-extended\">\n\t\t\t\t\t<div class=\"elementor-column elementor-col-50 elementor-top-column elementor-element elementor-element-749ab56 sc_inner_width_none sc_content_align_inherit sc_layouts_column_icons_position_left sc_fly_static\" data-id=\"749ab56\" data-element_type=\"column\" data-e-type=\"column\">\n\t\t\t<div class=\"elementor-widget-wrap\">\n\t\t\t\t\t\t\t<\/div>\n\t\t<\/div>\n\t\t\t\t<div class=\"elementor-column elementor-col-50 elementor-top-column elementor-element elementor-element-11ea354 sc_inner_width_none sc_content_align_inherit sc_layouts_column_icons_position_left sc_fly_static\" data-id=\"11ea354\" data-element_type=\"column\" data-e-type=\"column\">\n\t\t\t<div class=\"elementor-widget-wrap elementor-element-populated\">\n\t\t\t\t\t\t<div class=\"elementor-element elementor-element-44ef417 sc_fly_static elementor-widget elementor-widget-spacer\" data-id=\"44ef417\" data-element_type=\"widget\" data-e-type=\"widget\" data-widget_type=\"spacer.default\">\n\t\t\t\t<div class=\"elementor-widget-container\">\n\t\t\t\t\t\t\t<div class=\"elementor-spacer\">\n\t\t\t<div class=\"elementor-spacer-inner\"><\/div>\n\t\t<\/div>\n\t\t\t\t\t\t<\/div>\n\t\t\t\t<\/div>\n\t\t\t\t<div class=\"elementor-element elementor-element-86ae585 sc_height_huge sc_layouts_hide_on_tablet sc_layouts_hide_on_mobile sc_fly_static elementor-widget elementor-widget-spacer\" data-id=\"86ae585\" data-element_type=\"widget\" data-e-type=\"widget\" data-widget_type=\"spacer.default\">\n\t\t\t\t<div class=\"elementor-widget-container\">\n\t\t\t\t\t\t\t<div class=\"elementor-spacer\">\n\t\t\t<div class=\"elementor-spacer-inner\"><\/div>\n\t\t<\/div>\n\t\t\t\t\t\t<\/div>\n\t\t\t\t<\/div>\n\t\t\t\t<div class=\"elementor-element elementor-element-96257cb sc_fly_static elementor-widget elementor-widget-trx_sc_title\" data-id=\"96257cb\" data-element_type=\"widget\" data-e-type=\"widget\" data-widget_type=\"trx_sc_title.default\">\n\t\t\t\t<div class=\"elementor-widget-container\">\n\t\t\t\t\t<div\t\tclass=\"sc_title color_style_link2 sc_title_default\" ><span class=\"sc_item_subtitle sc_title_subtitle sc_item_subtitle_above sc_item_title_style_default\"><span style=\"font-weight: 400;\">Przyk\u0142ady wsp\u00f3\u0142pracy<\/span><\/span><h1 class=\"sc_item_title sc_title_title sc_item_title_style_default sc_item_title_tag\"\n\t\t\t><span class=\"sc_item_title_text\">Konferencja prasowa 2023<\/span><\/h1><\/div>\t\t\t\t<\/div>\n\t\t\t\t<\/div>\n\t\t\t\t<section class=\"elementor-section elementor-inner-section elementor-element elementor-element-643b2e1 elementor-section-boxed elementor-section-height-default elementor-section-height-default sc_fly_static\" data-id=\"643b2e1\" data-element_type=\"section\" data-e-type=\"section\" data-settings=\"{&quot;background_background&quot;:&quot;classic&quot;}\">\n\t\t\t\t\t\t<div class=\"elementor-container elementor-column-gap-extended\">\n\t\t\t\t\t<div class=\"elementor-column elementor-col-100 elementor-inner-column elementor-element elementor-element-c789384 sc_content_align_center sc_inner_width_none sc_layouts_column_icons_position_left sc_fly_static\" data-id=\"c789384\" data-element_type=\"column\" data-e-type=\"column\">\n\t\t\t<div class=\"elementor-widget-wrap elementor-element-populated\">\n\t\t\t\t\t\t<div class=\"elementor-element elementor-element-df2d46f sc_fly_static elementor-widget elementor-widget-spacer\" data-id=\"df2d46f\" data-element_type=\"widget\" data-e-type=\"widget\" data-widget_type=\"spacer.default\">\n\t\t\t\t<div class=\"elementor-widget-container\">\n\t\t\t\t\t\t\t<div class=\"elementor-spacer\">\n\t\t\t<div class=\"elementor-spacer-inner\"><\/div>\n\t\t<\/div>\n\t\t\t\t\t\t<\/div>\n\t\t\t\t<\/div>\n\t\t\t\t<div class=\"elementor-element elementor-element-cbf1d1a elementor-view-stacked elementor-widget__width-auto play_center sc_layouts_hide_on_mobile elementor-shape-circle sc_fly_static elementor-widget elementor-widget-icon\" data-id=\"cbf1d1a\" data-element_type=\"widget\" data-e-type=\"widget\" data-widget_type=\"icon.default\">\n\t\t\t\t<div class=\"elementor-widget-container\">\n\t\t\t\t\t\t\t<div class=\"elementor-icon-wrapper\">\n\t\t\t<a class=\"elementor-icon\" href=\"#go-video4\">\n\t\t\t<svg xmlns=\"http:\/\/www.w3.org\/2000\/svg\" width=\"12.24\" height=\"16.583\" viewBox=\"0 0 12.24 16.583\"><path d=\"M17.57,7.966,6.119.07A.395.395,0,0,0,5.5.394V16.188a.395.395,0,0,0,.619.325l11.451-7.9a.395.395,0,0,0,0-.65Z\" transform=\"translate(-5.5 0)\"><\/path><\/svg>\t\t\t<\/a>\n\t\t<\/div>\n\t\t\t\t\t\t<\/div>\n\t\t\t\t<\/div>\n\t\t\t\t<div class=\"elementor-element elementor-element-f0ea45c elementor-view-stacked elementor-widget__width-auto play_center sc_layouts_hide_on_wide sc_layouts_hide_on_desktop sc_layouts_hide_on_notebook sc_layouts_hide_on_tablet elementor-shape-circle sc_fly_static elementor-widget elementor-widget-icon\" data-id=\"f0ea45c\" data-element_type=\"widget\" data-e-type=\"widget\" data-widget_type=\"icon.default\">\n\t\t\t\t<div class=\"elementor-widget-container\">\n\t\t\t\t\t\t\t<div class=\"elementor-icon-wrapper\">\n\t\t\t<a class=\"elementor-icon\" href=\"#go-video4\">\n\t\t\t<svg xmlns=\"http:\/\/www.w3.org\/2000\/svg\" width=\"12.24\" height=\"16.583\" viewBox=\"0 0 12.24 16.583\"><path d=\"M17.57,7.966,6.119.07A.395.395,0,0,0,5.5.394V16.188a.395.395,0,0,0,.619.325l11.451-7.9a.395.395,0,0,0,0-.65Z\" transform=\"translate(-5.5 0)\"><\/path><\/svg>\t\t\t<\/a>\n\t\t<\/div>\n\t\t\t\t\t\t<\/div>\n\t\t\t\t<\/div>\n\t\t\t\t<div class=\"elementor-element elementor-element-8099d78 sc_fly_static elementor-widget elementor-widget-spacer\" data-id=\"8099d78\" data-element_type=\"widget\" data-e-type=\"widget\" data-widget_type=\"spacer.default\">\n\t\t\t\t<div class=\"elementor-widget-container\">\n\t\t\t\t\t\t\t<div class=\"elementor-spacer\">\n\t\t\t<div class=\"elementor-spacer-inner\"><\/div>\n\t\t<\/div>\n\t\t\t\t\t\t<\/div>\n\t\t\t\t<\/div>\n\t\t\t\t\t<\/div>\n\t\t<\/div>\n\t\t\t\t\t<\/div>\n\t\t<\/section>\n\t\t\t\t\t<\/div>\n\t\t<\/div>\n\t\t\t\t\t<\/div>\n\t\t<\/section>\n\t\t\t\t<section class=\"elementor-section elementor-top-section elementor-element elementor-element-8789b86 elementor-section-boxed elementor-section-height-default elementor-section-height-default sc_fly_static\" data-id=\"8789b86\" data-element_type=\"section\" data-e-type=\"section\">\n\t\t\t\t\t\t<div class=\"elementor-container elementor-column-gap-extended\">\n\t\t\t\t\t<div class=\"elementor-column elementor-col-100 elementor-top-column elementor-element elementor-element-0e1015e sc_inner_width_none sc_content_align_inherit sc_layouts_column_icons_position_left sc_fly_static\" data-id=\"0e1015e\" data-element_type=\"column\" data-e-type=\"column\">\n\t\t\t<div class=\"elementor-widget-wrap elementor-element-populated\">\n\t\t\t\t\t\t<div class=\"elementor-element elementor-element-b6a50e7 sc_height_huge sc_fly_static elementor-widget elementor-widget-spacer\" data-id=\"b6a50e7\" data-element_type=\"widget\" data-e-type=\"widget\" data-widget_type=\"spacer.default\">\n\t\t\t\t<div class=\"elementor-widget-container\">\n\t\t\t\t\t\t\t<div class=\"elementor-spacer\">\n\t\t\t<div class=\"elementor-spacer-inner\"><\/div>\n\t\t<\/div>\n\t\t\t\t\t\t<\/div>\n\t\t\t\t<\/div>\n\t\t\t\t<div class=\"elementor-element elementor-element-0bbe225 sc_fly_static elementor-widget elementor-widget-trx_sc_button\" data-id=\"0bbe225\" data-element_type=\"widget\" data-e-type=\"widget\" data-widget_type=\"trx_sc_button.default\">\n\t\t\t\t<div class=\"elementor-widget-container\">\n\t\t\t\t\t<div\tclass=\"sc_item_button sc_button_wrap sc_align_center\" ><a href=\"https:\/\/zninpowerboat.pl\/rzecznik-kontakt\/\" class=\"sc_button sc_button_default sc_button_size_normal sc_button_icon_left\" style=\"font-weight: 400;\" ><span class=\"sc_button_text\"><span class=\"sc_button_title\">Skontaktuj si\u0119 z rzecznikiem UM w \u017bninie<\/span><\/span><\/a><\/div>\t\t\t\t<\/div>\n\t\t\t\t<\/div>\n\t\t\t\t<div class=\"elementor-element elementor-element-1013d71 sc_height_huge sc_fly_static elementor-widget elementor-widget-spacer\" data-id=\"1013d71\" data-element_type=\"widget\" data-e-type=\"widget\" data-widget_type=\"spacer.default\">\n\t\t\t\t<div class=\"elementor-widget-container\">\n\t\t\t\t\t\t\t<div class=\"elementor-spacer\">\n\t\t\t<div class=\"elementor-spacer-inner\"><\/div>\n\t\t<\/div>\n\t\t\t\t\t\t<\/div>\n\t\t\t\t<\/div>\n\t\t\t\t\t<\/div>\n\t\t<\/div>\n\t\t\t\t\t<\/div>\n\t\t<\/section>\n\t\t\t\t<\/div>\n\t\t","protected":false},"excerpt":{"rendered":"<p>Przyk\u0142ady wsp\u00f3\u0142pracy Konferencja prasowa 2023 Layouts: Popup Skontaktuj si\u0119 z rzecznikiem UM w \u017bninie<\/p>\n","protected":false},"author":1,"featured_media":0,"parent":0,"menu_order":0,"comment_status":"closed","ping_status":"closed","template":"","meta":{"rs_blank_template":"","rs_page_bg_color":"","slide_template_v7":"","footnotes":""},"class_list":["post-19624","page","type-page","status-publish","hentry"],"yoast_head":"<!-- This site is optimized with the Yoast SEO plugin v20.8 - https:\/\/yoast.com\/wordpress\/plugins\/seo\/ -->\n<title>2023 Edition - Motorowodne Mistrzostwa \u017bnin 2026<\/title>\n<meta name=\"robots\" content=\"index, follow, max-snippet:-1, max-image-preview:large, max-video-preview:-1\" \/>\n<link rel=\"canonical\" href=\"https:\/\/zninpowerboat.pl\/?page_id=19624&lang=en\" \/>\n<meta property=\"og:locale\" content=\"pl_PL\" \/>\n<meta property=\"og:type\" content=\"article\" \/>\n<meta property=\"og:title\" content=\"2023 Edition - Motorowodne Mistrzostwa \u017bnin 2026\" \/>\n<meta property=\"og:description\" content=\"Przyk\u0142ady wsp\u00f3\u0142pracy Konferencja prasowa 2023 Layouts: Popup Skontaktuj si\u0119 z rzecznikiem UM w \u017bninie\" \/>\n<meta property=\"og:url\" content=\"https:\/\/zninpowerboat.pl\/?page_id=19624&amp;lang=en\" \/>\n<meta property=\"og:site_name\" content=\"Motorowodne Mistrzostwa \u017bnin 2026\" \/>\n<meta property=\"article:modified_time\" content=\"2023-05-18T22:36:51+00:00\" \/>\n<meta name=\"twitter:card\" content=\"summary_large_image\" \/>\n<meta name=\"twitter:label1\" content=\"Szacowany czas czytania\" \/>\n\t<meta name=\"twitter:data1\" content=\"1 minuta\" \/>\n<script type=\"application\/ld+json\" class=\"yoast-schema-graph\">{\"@context\":\"https:\/\/schema.org\",\"@graph\":[{\"@type\":\"WebPage\",\"@id\":\"https:\/\/zninpowerboat.pl\/?page_id=19624&lang=en\",\"url\":\"https:\/\/zninpowerboat.pl\/?page_id=19624&lang=en\",\"name\":\"2023 Edition - Motorowodne Mistrzostwa \u017bnin 2026\",\"isPartOf\":{\"@id\":\"https:\/\/zninpowerboat.pl\/#website\"},\"datePublished\":\"2023-05-18T22:34:59+00:00\",\"dateModified\":\"2023-05-18T22:36:51+00:00\",\"breadcrumb\":{\"@id\":\"https:\/\/zninpowerboat.pl\/?page_id=19624&lang=en#breadcrumb\"},\"inLanguage\":\"pl-PL\",\"potentialAction\":[{\"@type\":\"ReadAction\",\"target\":[\"https:\/\/zninpowerboat.pl\/?page_id=19624&lang=en\"]}]},{\"@type\":\"BreadcrumbList\",\"@id\":\"https:\/\/zninpowerboat.pl\/?page_id=19624&lang=en#breadcrumb\",\"itemListElement\":[{\"@type\":\"ListItem\",\"position\":1,\"name\":\"Strona g\u0142\u00f3wna\",\"item\":\"https:\/\/zninpowerboat.pl\/\"},{\"@type\":\"ListItem\",\"position\":2,\"name\":\"2023 Edition\"}]},{\"@type\":\"WebSite\",\"@id\":\"https:\/\/zninpowerboat.pl\/#website\",\"url\":\"https:\/\/zninpowerboat.pl\/\",\"name\":\"Motorowodne Mistrzostwa \u017bnin 2026\",\"description\":\"Oficjalna strona MOTOROWODNYCH MISTRZOSTW \u015aWIATA HYDRO GP w klasach F-125, F-250, F-500 oraz ELIMINACJI MOTOROWODNYCH MISTRZOSTW POLSKI w klasach OSY-400, GT-30, GT-15, P-750\",\"potentialAction\":[{\"@type\":\"SearchAction\",\"target\":{\"@type\":\"EntryPoint\",\"urlTemplate\":\"https:\/\/zninpowerboat.pl\/?s={search_term_string}\"},\"query-input\":\"required name=search_term_string\"}],\"inLanguage\":\"pl-PL\"}]}<\/script>\n<!-- \/ Yoast SEO plugin. -->","yoast_head_json":{"title":"2023 Edition - Motorowodne Mistrzostwa \u017bnin 2026","robots":{"index":"index","follow":"follow","max-snippet":"max-snippet:-1","max-image-preview":"max-image-preview:large","max-video-preview":"max-video-preview:-1"},"canonical":"https:\/\/zninpowerboat.pl\/?page_id=19624&lang=en","og_locale":"pl_PL","og_type":"article","og_title":"2023 Edition - Motorowodne Mistrzostwa \u017bnin 2026","og_description":"Przyk\u0142ady wsp\u00f3\u0142pracy Konferencja prasowa 2023 Layouts: Popup Skontaktuj si\u0119 z rzecznikiem UM w \u017bninie","og_url":"https:\/\/zninpowerboat.pl\/?page_id=19624&lang=en","og_site_name":"Motorowodne Mistrzostwa \u017bnin 2026","article_modified_time":"2023-05-18T22:36:51+00:00","twitter_card":"summary_large_image","twitter_misc":{"Szacowany czas czytania":"1 minuta"},"schema":{"@context":"https:\/\/schema.org","@graph":[{"@type":"WebPage","@id":"https:\/\/zninpowerboat.pl\/?page_id=19624&lang=en","url":"https:\/\/zninpowerboat.pl\/?page_id=19624&lang=en","name":"2023 Edition - Motorowodne Mistrzostwa \u017bnin 2026","isPartOf":{"@id":"https:\/\/zninpowerboat.pl\/#website"},"datePublished":"2023-05-18T22:34:59+00:00","dateModified":"2023-05-18T22:36:51+00:00","breadcrumb":{"@id":"https:\/\/zninpowerboat.pl\/?page_id=19624&lang=en#breadcrumb"},"inLanguage":"pl-PL","potentialAction":[{"@type":"ReadAction","target":["https:\/\/zninpowerboat.pl\/?page_id=19624&lang=en"]}]},{"@type":"BreadcrumbList","@id":"https:\/\/zninpowerboat.pl\/?page_id=19624&lang=en#breadcrumb","itemListElement":[{"@type":"ListItem","position":1,"name":"Strona g\u0142\u00f3wna","item":"https:\/\/zninpowerboat.pl\/"},{"@type":"ListItem","position":2,"name":"2023 Edition"}]},{"@type":"WebSite","@id":"https:\/\/zninpowerboat.pl\/#website","url":"https:\/\/zninpowerboat.pl\/","name":"Motorowodne Mistrzostwa \u017bnin 2026","description":"Oficjalna strona MOTOROWODNYCH MISTRZOSTW \u015aWIATA HYDRO GP w klasach F-125, F-250, F-500 oraz ELIMINACJI MOTOROWODNYCH MISTRZOSTW POLSKI w klasach OSY-400, GT-30, GT-15, P-750","potentialAction":[{"@type":"SearchAction","target":{"@type":"EntryPoint","urlTemplate":"https:\/\/zninpowerboat.pl\/?s={search_term_string}"},"query-input":"required name=search_term_string"}],"inLanguage":"pl-PL"}]}},"_links":{"self":[{"href":"https:\/\/zninpowerboat.pl\/index.php?rest_route=\/wp\/v2\/pages\/19624","targetHints":{"allow":["GET"]}}],"collection":[{"href":"https:\/\/zninpowerboat.pl\/index.php?rest_route=\/wp\/v2\/pages"}],"about":[{"href":"https:\/\/zninpowerboat.pl\/index.php?rest_route=\/wp\/v2\/types\/page"}],"author":[{"embeddable":true,"href":"https:\/\/zninpowerboat.pl\/index.php?rest_route=\/wp\/v2\/users\/1"}],"replies":[{"embeddable":true,"href":"https:\/\/zninpowerboat.pl\/index.php?rest_route=%2Fwp%2Fv2%2Fcomments&post=19624"}],"version-history":[{"count":4,"href":"https:\/\/zninpowerboat.pl\/index.php?rest_route=\/wp\/v2\/pages\/19624\/revisions"}],"predecessor-version":[{"id":19629,"href":"https:\/\/zninpowerboat.pl\/index.php?rest_route=\/wp\/v2\/pages\/19624\/revisions\/19629"}],"wp:attachment":[{"href":"https:\/\/zninpowerboat.pl\/index.php?rest_route=%2Fwp%2Fv2%2Fmedia&parent=19624"}],"curies":[{"name":"wp","href":"https:\/\/api.w.org\/{rel}","templated":true}]}}