{"id":19555,"date":"2023-05-16T09:24:49","date_gmt":"2023-05-16T07:24:49","guid":{"rendered":"https:\/\/zninpowerboat.pl\/?page_id=19555"},"modified":"2023-05-16T09:25:46","modified_gmt":"2023-05-16T07:25:46","slug":"avant-program-english","status":"publish","type":"page","link":"https:\/\/zninpowerboat.pl\/?page_id=19555&lang=en","title":{"rendered":"Avant Program &#8211; English"},"content":{"rendered":"\t\t<div data-elementor-type=\"wp-page\" data-elementor-id=\"19555\" class=\"elementor elementor-19555\">\n\t\t\t\t\t\t<section class=\"elementor-section elementor-top-section elementor-element elementor-element-9889fdc elementor-section-boxed elementor-section-height-default elementor-section-height-default sc_fly_static\" data-id=\"9889fdc\" data-element_type=\"section\" data-e-type=\"section\">\n\t\t\t\t\t\t<div class=\"elementor-container elementor-column-gap-extended\">\n\t\t\t\t\t<div class=\"elementor-column elementor-col-100 elementor-top-column elementor-element elementor-element-282f7a5 sc_inner_width_none sc_content_align_inherit sc_layouts_column_icons_position_left sc_fly_static\" data-id=\"282f7a5\" data-element_type=\"column\" data-e-type=\"column\">\n\t\t\t<div class=\"elementor-widget-wrap elementor-element-populated\">\n\t\t\t\t\t\t<div class=\"elementor-element elementor-element-14270bc sc_height_huge sc_fly_static elementor-widget elementor-widget-spacer\" data-id=\"14270bc\" data-element_type=\"widget\" data-e-type=\"widget\" data-widget_type=\"spacer.default\">\n\t\t\t\t<div class=\"elementor-widget-container\">\n\t\t\t\t\t\t\t<div class=\"elementor-spacer\">\n\t\t\t<div class=\"elementor-spacer-inner\"><\/div>\n\t\t<\/div>\n\t\t\t\t\t\t<\/div>\n\t\t\t\t<\/div>\n\t\t\t\t\t<\/div>\n\t\t<\/div>\n\t\t\t\t\t<\/div>\n\t\t<\/section>\n\t\t\t\t<section class=\"elementor-section elementor-top-section elementor-element elementor-element-9b6e969 scheme_light elementor-section-boxed elementor-section-height-default elementor-section-height-default sc_fly_static\" data-id=\"9b6e969\" data-element_type=\"section\" data-e-type=\"section\" id=\"avant\" data-settings=\"{&quot;background_background&quot;:&quot;classic&quot;}\">\n\t\t\t\t\t\t<div class=\"elementor-container elementor-column-gap-extended\">\n\t\t\t\t\t<div class=\"elementor-column elementor-col-100 elementor-top-column elementor-element elementor-element-b536d83 sc_inner_width_none sc_content_align_inherit sc_layouts_column_icons_position_left sc_fly_static\" data-id=\"b536d83\" data-element_type=\"column\" data-e-type=\"column\">\n\t\t\t<div class=\"elementor-widget-wrap elementor-element-populated\">\n\t\t\t\t\t\t<section class=\"elementor-section elementor-inner-section elementor-element elementor-element-0f1c284 elementor-section-boxed elementor-section-height-default elementor-section-height-default sc_fly_static\" data-id=\"0f1c284\" data-element_type=\"section\" data-e-type=\"section\">\n\t\t\t\t\t\t<div class=\"elementor-container elementor-column-gap-no\">\n\t\t\t\t\t<div class=\"elementor-column elementor-col-33 elementor-inner-column elementor-element elementor-element-518179d sc_inner_width_none sc_content_align_inherit sc_layouts_column_icons_position_left sc_fly_static\" data-id=\"518179d\" data-element_type=\"column\" data-e-type=\"column\">\n\t\t\t<div class=\"elementor-widget-wrap elementor-element-populated\">\n\t\t\t\t\t\t<div class=\"elementor-element elementor-element-e8c1876 sc_fly_static elementor-widget elementor-widget-trx_sc_title\" data-id=\"e8c1876\" data-element_type=\"widget\" data-e-type=\"widget\" data-widget_type=\"trx_sc_title.default\">\n\t\t\t\t<div class=\"elementor-widget-container\">\n\t\t\t\t\t<div\t\tclass=\"sc_title color_style_link2 sc_title_default\" ><h1 class=\"sc_item_title sc_title_title sc_item_title_style_default sc_item_title_tag\"\n\t\t\t><span class=\"sc_item_title_text\">Regulamin zawod\u00f3w<\/span><\/h1><\/div>\t\t\t\t<\/div>\n\t\t\t\t<\/div>\n\t\t\t\t\t<\/div>\n\t\t<\/div>\n\t\t\t\t<div class=\"elementor-column elementor-col-33 elementor-inner-column elementor-element elementor-element-6691f7b sc_inner_width_none sc_content_align_inherit sc_layouts_column_icons_position_left sc_fly_static\" data-id=\"6691f7b\" data-element_type=\"column\" data-e-type=\"column\">\n\t\t\t<div class=\"elementor-widget-wrap elementor-element-populated\">\n\t\t\t\t\t\t<div class=\"elementor-element elementor-element-3ae3562 sc_fly_static elementor-widget elementor-widget-text-editor\" data-id=\"3ae3562\" data-element_type=\"widget\" data-e-type=\"widget\" data-widget_type=\"text-editor.default\">\n\t\t\t\t<div class=\"elementor-widget-container\">\n\t\t\t\t\t\t\t\t\t<p>Aby pobra\u0107 regulamin zawod\u00f3w, kliknij przycisk poni\u017cej.<\/p>\t\t\t\t\t\t\t\t<\/div>\n\t\t\t\t<\/div>\n\t\t\t\t<div class=\"elementor-element elementor-element-0ee37af sc_height_tiny sc_fly_static elementor-widget elementor-widget-spacer\" data-id=\"0ee37af\" data-element_type=\"widget\" data-e-type=\"widget\" data-widget_type=\"spacer.default\">\n\t\t\t\t<div class=\"elementor-widget-container\">\n\t\t\t\t\t\t\t<div class=\"elementor-spacer\">\n\t\t\t<div class=\"elementor-spacer-inner\"><\/div>\n\t\t<\/div>\n\t\t\t\t\t\t<\/div>\n\t\t\t\t<\/div>\n\t\t\t\t<div class=\"elementor-element elementor-element-2d7b4e3 sc_fly_static elementor-widget elementor-widget-trx_sc_button\" data-id=\"2d7b4e3\" data-element_type=\"widget\" data-e-type=\"widget\" data-widget_type=\"trx_sc_button.default\">\n\t\t\t\t<div class=\"elementor-widget-container\">\n\t\t\t\t\t<div\tclass=\"sc_item_button sc_button_wrap sc_align_left\" ><a href=\"https:\/\/zninpowerboat.pl\/wp-content\/uploads\/2023\/05\/AVANT-EN.pdf\" class=\"sc_button sc_button_default sc_button_size_normal sc_button_icon_left\" target=\"_blank\" style=\"font-weight: 400;\" ><span class=\"sc_button_text\"><span class=\"sc_button_title\">Pobierz regulamin zawod\u00f3w<\/span><\/span><\/a><\/div>\t\t\t\t<\/div>\n\t\t\t\t<\/div>\n\t\t\t\t\t<\/div>\n\t\t<\/div>\n\t\t\t\t<div class=\"elementor-column elementor-col-33 elementor-inner-column elementor-element elementor-element-90463f6 sc_layouts_column_align_right sc_layouts_column sc-tablet_layouts_column_align_left sc_layouts_column sc_inner_width_none sc_content_align_inherit sc_layouts_column_icons_position_left sc_fly_static\" data-id=\"90463f6\" data-element_type=\"column\" data-e-type=\"column\">\n\t\t\t<div class=\"elementor-widget-wrap elementor-element-populated\">\n\t\t\t\t\t\t<div class=\"elementor-element elementor-element-0644b17 sc_fly_static elementor-widget elementor-widget-spacer\" data-id=\"0644b17\" data-element_type=\"widget\" data-e-type=\"widget\" data-widget_type=\"spacer.default\">\n\t\t\t\t<div class=\"elementor-widget-container\">\n\t\t\t\t\t\t\t<div class=\"elementor-spacer\">\n\t\t\t<div class=\"elementor-spacer-inner\"><\/div>\n\t\t<\/div>\n\t\t\t\t\t\t<\/div>\n\t\t\t\t<\/div>\n\t\t\t\t\t<\/div>\n\t\t<\/div>\n\t\t\t\t\t<\/div>\n\t\t<\/section>\n\t\t\t\t<section class=\"elementor-section elementor-inner-section elementor-element elementor-element-411253a elementor-section-boxed elementor-section-height-default elementor-section-height-default sc_fly_static\" data-id=\"411253a\" data-element_type=\"section\" data-e-type=\"section\">\n\t\t\t\t\t\t<div class=\"elementor-container elementor-column-gap-no\">\n\t\t\t\t\t<div class=\"elementor-column elementor-col-100 elementor-inner-column elementor-element elementor-element-a1d85bc sc_inner_width_none sc_content_align_inherit sc_layouts_column_icons_position_left sc_fly_static\" data-id=\"a1d85bc\" data-element_type=\"column\" data-e-type=\"column\">\n\t\t\t<div class=\"elementor-widget-wrap elementor-element-populated\">\n\t\t\t\t\t\t<div class=\"elementor-element elementor-element-8d58f4d sc_height_small sc_fly_static elementor-widget elementor-widget-spacer\" data-id=\"8d58f4d\" data-element_type=\"widget\" data-e-type=\"widget\" data-widget_type=\"spacer.default\">\n\t\t\t\t<div class=\"elementor-widget-container\">\n\t\t\t\t\t\t\t<div class=\"elementor-spacer\">\n\t\t\t<div class=\"elementor-spacer-inner\"><\/div>\n\t\t<\/div>\n\t\t\t\t\t\t<\/div>\n\t\t\t\t<\/div>\n\t\t\t\t\t<\/div>\n\t\t<\/div>\n\t\t\t\t\t<\/div>\n\t\t<\/section>\n\t\t\t\t<section class=\"elementor-section elementor-inner-section elementor-element elementor-element-5022ecf elementor-section-boxed elementor-section-height-default elementor-section-height-default sc_fly_static\" data-id=\"5022ecf\" data-element_type=\"section\" data-e-type=\"section\">\n\t\t\t\t\t\t<div class=\"elementor-container elementor-column-gap-no\">\n\t\t\t\t\t<div class=\"elementor-column elementor-col-50 elementor-inner-column elementor-element elementor-element-819c10b sc_inner_width_none sc_content_align_inherit sc_layouts_column_icons_position_left sc_fly_static\" data-id=\"819c10b\" data-element_type=\"column\" data-e-type=\"column\">\n\t\t\t<div class=\"elementor-widget-wrap\">\n\t\t\t\t\t\t\t<\/div>\n\t\t<\/div>\n\t\t\t\t<div class=\"elementor-column elementor-col-50 elementor-inner-column elementor-element elementor-element-ae230af sc_inner_width_none sc_content_align_inherit sc_layouts_column_icons_position_left sc_fly_static\" data-id=\"ae230af\" data-element_type=\"column\" data-e-type=\"column\">\n\t\t\t<div class=\"elementor-widget-wrap elementor-element-populated\">\n\t\t\t\t\t\t<div class=\"elementor-element elementor-element-3f0d782 sc_fly_static elementor-widget elementor-widget-shortcode\" data-id=\"3f0d782\" data-element_type=\"widget\" data-e-type=\"widget\" data-widget_type=\"shortcode.default\">\n\t\t\t\t<div class=\"elementor-widget-container\">\n\t\t\t\t\t\t\t<div class=\"elementor-shortcode\"><div class=\"_df_book df-lite\" id=\"df_19459\"  _slug=\"regulations\" data-title=\"regulations\" wpoptions=\"true\" thumbtype=\"\" ><\/div><script class=\"df-shortcode-script\" nowprocket type=\"application\/javascript\">window.option_df_19459 = {\"outline\":[],\"backgroundColor\":\"transparent\",\"autoEnableOutline\":\"false\",\"autoEnableThumbnail\":\"false\",\"overwritePDFOutline\":\"false\",\"enableDownload\":\"false\",\"direction\":\"1\",\"pageSize\":\"1\",\"pageMode\":\"1\",\"singlePageMode\":\"1\",\"controlsPosition\":\"hide\",\"soundEnable\":\"false\",\"source\":\"https:\\\/\\\/zninpowerboat.pl\\\/wp-content\\\/uploads\\\/2023\\\/05\\\/AVANT-EN.pdf\",\"wpOptions\":\"true\"}; if(window.DFLIP && window.DFLIP.parseBooks){window.DFLIP.parseBooks();}<\/script>\n<\/div>\n\t\t\t\t\t\t<\/div>\n\t\t\t\t<\/div>\n\t\t\t\t\t<\/div>\n\t\t<\/div>\n\t\t\t\t\t<\/div>\n\t\t<\/section>\n\t\t\t\t\t<\/div>\n\t\t<\/div>\n\t\t\t\t\t<\/div>\n\t\t<\/section>\n\t\t\t\t<\/div>\n\t\t","protected":false},"excerpt":{"rendered":"<p>Regulamin zawod\u00f3w Aby pobra\u0107 regulamin zawod\u00f3w, kliknij przycisk poni\u017cej. Pobierz regulamin zawod\u00f3w<\/p>\n","protected":false},"author":1,"featured_media":0,"parent":0,"menu_order":0,"comment_status":"closed","ping_status":"closed","template":"","meta":{"rs_blank_template":"","rs_page_bg_color":"","slide_template_v7":"","footnotes":""},"class_list":["post-19555","page","type-page","status-publish","hentry"],"yoast_head":"<!-- This site is optimized with the Yoast SEO plugin v20.8 - https:\/\/yoast.com\/wordpress\/plugins\/seo\/ -->\n<title>Avant Program - English - Motorowodne Mistrzostwa \u017bnin 2026<\/title>\n<meta name=\"robots\" content=\"index, follow, max-snippet:-1, max-image-preview:large, max-video-preview:-1\" \/>\n<link rel=\"canonical\" href=\"https:\/\/zninpowerboat.pl\/?page_id=19555&lang=en\" \/>\n<meta property=\"og:locale\" content=\"pl_PL\" \/>\n<meta property=\"og:type\" content=\"article\" \/>\n<meta property=\"og:title\" content=\"Avant Program - English - Motorowodne Mistrzostwa \u017bnin 2026\" \/>\n<meta property=\"og:description\" content=\"Regulamin zawod\u00f3w Aby pobra\u0107 regulamin zawod\u00f3w, kliknij przycisk poni\u017cej. Pobierz regulamin zawod\u00f3w\" \/>\n<meta property=\"og:url\" content=\"https:\/\/zninpowerboat.pl\/?page_id=19555&amp;lang=en\" \/>\n<meta property=\"og:site_name\" content=\"Motorowodne Mistrzostwa \u017bnin 2026\" \/>\n<meta property=\"article:modified_time\" content=\"2023-05-16T07:25:46+00:00\" \/>\n<meta name=\"twitter:card\" content=\"summary_large_image\" \/>\n<meta name=\"twitter:label1\" content=\"Szacowany czas czytania\" \/>\n\t<meta name=\"twitter:data1\" content=\"1 minuta\" \/>\n<script type=\"application\/ld+json\" class=\"yoast-schema-graph\">{\"@context\":\"https:\/\/schema.org\",\"@graph\":[{\"@type\":\"WebPage\",\"@id\":\"https:\/\/zninpowerboat.pl\/?page_id=19555&lang=en\",\"url\":\"https:\/\/zninpowerboat.pl\/?page_id=19555&lang=en\",\"name\":\"Avant Program - English - Motorowodne Mistrzostwa \u017bnin 2026\",\"isPartOf\":{\"@id\":\"https:\/\/zninpowerboat.pl\/#website\"},\"datePublished\":\"2023-05-16T07:24:49+00:00\",\"dateModified\":\"2023-05-16T07:25:46+00:00\",\"breadcrumb\":{\"@id\":\"https:\/\/zninpowerboat.pl\/?page_id=19555&lang=en#breadcrumb\"},\"inLanguage\":\"pl-PL\",\"potentialAction\":[{\"@type\":\"ReadAction\",\"target\":[\"https:\/\/zninpowerboat.pl\/?page_id=19555&lang=en\"]}]},{\"@type\":\"BreadcrumbList\",\"@id\":\"https:\/\/zninpowerboat.pl\/?page_id=19555&lang=en#breadcrumb\",\"itemListElement\":[{\"@type\":\"ListItem\",\"position\":1,\"name\":\"Strona g\u0142\u00f3wna\",\"item\":\"https:\/\/zninpowerboat.pl\/\"},{\"@type\":\"ListItem\",\"position\":2,\"name\":\"Avant Program &#8211; English\"}]},{\"@type\":\"WebSite\",\"@id\":\"https:\/\/zninpowerboat.pl\/#website\",\"url\":\"https:\/\/zninpowerboat.pl\/\",\"name\":\"Motorowodne Mistrzostwa \u017bnin 2026\",\"description\":\"Oficjalna strona MOTOROWODNYCH MISTRZOSTW \u015aWIATA HYDRO GP w klasach F-125, F-250, F-500 oraz ELIMINACJI MOTOROWODNYCH MISTRZOSTW POLSKI w klasach OSY-400, GT-30, GT-15, P-750\",\"potentialAction\":[{\"@type\":\"SearchAction\",\"target\":{\"@type\":\"EntryPoint\",\"urlTemplate\":\"https:\/\/zninpowerboat.pl\/?s={search_term_string}\"},\"query-input\":\"required name=search_term_string\"}],\"inLanguage\":\"pl-PL\"}]}<\/script>\n<!-- \/ Yoast SEO plugin. -->","yoast_head_json":{"title":"Avant Program - English - Motorowodne Mistrzostwa \u017bnin 2026","robots":{"index":"index","follow":"follow","max-snippet":"max-snippet:-1","max-image-preview":"max-image-preview:large","max-video-preview":"max-video-preview:-1"},"canonical":"https:\/\/zninpowerboat.pl\/?page_id=19555&lang=en","og_locale":"pl_PL","og_type":"article","og_title":"Avant Program - English - Motorowodne Mistrzostwa \u017bnin 2026","og_description":"Regulamin zawod\u00f3w Aby pobra\u0107 regulamin zawod\u00f3w, kliknij przycisk poni\u017cej. Pobierz regulamin zawod\u00f3w","og_url":"https:\/\/zninpowerboat.pl\/?page_id=19555&lang=en","og_site_name":"Motorowodne Mistrzostwa \u017bnin 2026","article_modified_time":"2023-05-16T07:25:46+00:00","twitter_card":"summary_large_image","twitter_misc":{"Szacowany czas czytania":"1 minuta"},"schema":{"@context":"https:\/\/schema.org","@graph":[{"@type":"WebPage","@id":"https:\/\/zninpowerboat.pl\/?page_id=19555&lang=en","url":"https:\/\/zninpowerboat.pl\/?page_id=19555&lang=en","name":"Avant Program - English - Motorowodne Mistrzostwa \u017bnin 2026","isPartOf":{"@id":"https:\/\/zninpowerboat.pl\/#website"},"datePublished":"2023-05-16T07:24:49+00:00","dateModified":"2023-05-16T07:25:46+00:00","breadcrumb":{"@id":"https:\/\/zninpowerboat.pl\/?page_id=19555&lang=en#breadcrumb"},"inLanguage":"pl-PL","potentialAction":[{"@type":"ReadAction","target":["https:\/\/zninpowerboat.pl\/?page_id=19555&lang=en"]}]},{"@type":"BreadcrumbList","@id":"https:\/\/zninpowerboat.pl\/?page_id=19555&lang=en#breadcrumb","itemListElement":[{"@type":"ListItem","position":1,"name":"Strona g\u0142\u00f3wna","item":"https:\/\/zninpowerboat.pl\/"},{"@type":"ListItem","position":2,"name":"Avant Program &#8211; English"}]},{"@type":"WebSite","@id":"https:\/\/zninpowerboat.pl\/#website","url":"https:\/\/zninpowerboat.pl\/","name":"Motorowodne Mistrzostwa \u017bnin 2026","description":"Oficjalna strona MOTOROWODNYCH MISTRZOSTW \u015aWIATA HYDRO GP w klasach F-125, F-250, F-500 oraz ELIMINACJI MOTOROWODNYCH MISTRZOSTW POLSKI w klasach OSY-400, GT-30, GT-15, P-750","potentialAction":[{"@type":"SearchAction","target":{"@type":"EntryPoint","urlTemplate":"https:\/\/zninpowerboat.pl\/?s={search_term_string}"},"query-input":"required name=search_term_string"}],"inLanguage":"pl-PL"}]}},"_links":{"self":[{"href":"https:\/\/zninpowerboat.pl\/index.php?rest_route=\/wp\/v2\/pages\/19555","targetHints":{"allow":["GET"]}}],"collection":[{"href":"https:\/\/zninpowerboat.pl\/index.php?rest_route=\/wp\/v2\/pages"}],"about":[{"href":"https:\/\/zninpowerboat.pl\/index.php?rest_route=\/wp\/v2\/types\/page"}],"author":[{"embeddable":true,"href":"https:\/\/zninpowerboat.pl\/index.php?rest_route=\/wp\/v2\/users\/1"}],"replies":[{"embeddable":true,"href":"https:\/\/zninpowerboat.pl\/index.php?rest_route=%2Fwp%2Fv2%2Fcomments&post=19555"}],"version-history":[{"count":5,"href":"https:\/\/zninpowerboat.pl\/index.php?rest_route=\/wp\/v2\/pages\/19555\/revisions"}],"predecessor-version":[{"id":19560,"href":"https:\/\/zninpowerboat.pl\/index.php?rest_route=\/wp\/v2\/pages\/19555\/revisions\/19560"}],"wp:attachment":[{"href":"https:\/\/zninpowerboat.pl\/index.php?rest_route=%2Fwp%2Fv2%2Fmedia&parent=19555"}],"curies":[{"name":"wp","href":"https:\/\/api.w.org\/{rel}","templated":true}]}}