{"id":19527,"date":"2023-05-15T22:40:59","date_gmt":"2023-05-15T20:40:59","guid":{"rendered":"https:\/\/zninpowerboat.pl\/?page_id=19527"},"modified":"2023-06-19T00:29:24","modified_gmt":"2023-06-18T22:29:24","slug":"partners","status":"publish","type":"page","link":"https:\/\/zninpowerboat.pl\/?page_id=19527&lang=en","title":{"rendered":"Partners"},"content":{"rendered":"\t\t<div data-elementor-type=\"wp-page\" data-elementor-id=\"19527\" class=\"elementor elementor-19527\">\n\t\t\t\t\t\t<section class=\"elementor-section elementor-top-section elementor-element elementor-element-317c9f2 scheme_light elementor-section-full_width elementor-section-stretched elementor-section-height-default elementor-section-height-default sc_fly_static\" data-id=\"317c9f2\" data-element_type=\"section\" data-e-type=\"section\" data-settings=\"{&quot;background_background&quot;:&quot;classic&quot;,&quot;stretch_section&quot;:&quot;section-stretched&quot;}\">\n\t\t\t\t\t\t<div class=\"elementor-container elementor-column-gap-extended\">\n\t\t\t\t\t<div class=\"elementor-column elementor-col-100 elementor-top-column elementor-element elementor-element-3084d38 sc_inner_width_none sc_content_align_inherit sc_layouts_column_icons_position_left sc_fly_static\" data-id=\"3084d38\" data-element_type=\"column\" data-e-type=\"column\">\n\t\t\t<div class=\"elementor-widget-wrap elementor-element-populated\">\n\t\t\t\t\t\t<div class=\"elementor-element elementor-element-001cf20 sc_height_huge sc_fly_static elementor-widget elementor-widget-spacer\" data-id=\"001cf20\" data-element_type=\"widget\" data-e-type=\"widget\" data-widget_type=\"spacer.default\">\n\t\t\t\t<div class=\"elementor-widget-container\">\n\t\t\t\t\t\t\t<div class=\"elementor-spacer\">\n\t\t\t<div class=\"elementor-spacer-inner\"><\/div>\n\t\t<\/div>\n\t\t\t\t\t\t<\/div>\n\t\t\t\t<\/div>\n\t\t\t\t<div class=\"elementor-element elementor-element-aca5133 sc_fly_static elementor-widget elementor-widget-trx_sc_title\" data-id=\"aca5133\" data-element_type=\"widget\" data-e-type=\"widget\" data-widget_type=\"trx_sc_title.default\">\n\t\t\t\t<div class=\"elementor-widget-container\">\n\t\t\t\t\t<div\t\tclass=\"sc_title color_style_link2 sc_title_default\" ><h1 class=\"sc_item_title sc_title_title sc_align_center sc_item_title_style_default sc_item_title_tag\"\n\t\t\t><span class=\"sc_item_title_text\">Sponsor G\u0142\u00f3wny<\/span><\/h1><\/div>\t\t\t\t<\/div>\n\t\t\t\t<\/div>\n\t\t\t\t<div class=\"elementor-element elementor-element-2e1eaac sc_fly_static elementor-widget elementor-widget-image\" data-id=\"2e1eaac\" data-element_type=\"widget\" data-e-type=\"widget\" data-widget_type=\"image.default\">\n\t\t\t\t<div class=\"elementor-widget-container\">\n\t\t\t\t\t\t\t\t\t\t\t\t\t\t\t\t<a href=\"https:\/\/www.enea.pl\" target=\"_blank\" rel=\"nofollow\">\n\t\t\t\t\t\t\t<img fetchpriority=\"high\" decoding=\"async\" width=\"300\" height=\"169\" src=\"https:\/\/zninpowerboat.pl\/wp-content\/uploads\/2023\/06\/enea_logo-300x169.png\" class=\"attachment-medium size-medium wp-image-19970\" alt=\"Enea Logo\" srcset=\"https:\/\/zninpowerboat.pl\/wp-content\/uploads\/2023\/06\/enea_logo-300x169.png 300w, https:\/\/zninpowerboat.pl\/wp-content\/uploads\/2023\/06\/enea_logo-1024x576.png 1024w, https:\/\/zninpowerboat.pl\/wp-content\/uploads\/2023\/06\/enea_logo-768x432.png 768w, https:\/\/zninpowerboat.pl\/wp-content\/uploads\/2023\/06\/enea_logo-370x208.png 370w, https:\/\/zninpowerboat.pl\/wp-content\/uploads\/2023\/06\/enea_logo-840x473.png 840w, https:\/\/zninpowerboat.pl\/wp-content\/uploads\/2023\/06\/enea_logo-410x231.png 410w, https:\/\/zninpowerboat.pl\/wp-content\/uploads\/2023\/06\/enea_logo-270x152.png 270w, https:\/\/zninpowerboat.pl\/wp-content\/uploads\/2023\/06\/enea_logo.png 1200w\" sizes=\"(max-width: 300px) 100vw, 300px\" \/>\t\t\t\t\t\t\t\t<\/a>\n\t\t\t\t\t\t\t\t\t\t\t\t\t\t\t<\/div>\n\t\t\t\t<\/div>\n\t\t\t\t\t<\/div>\n\t\t<\/div>\n\t\t\t\t\t<\/div>\n\t\t<\/section>\n\t\t\t\t<section class=\"elementor-section elementor-top-section elementor-element elementor-element-f89a98b scheme_light elementor-section-full_width elementor-section-stretched elementor-section-height-default elementor-section-height-default sc_fly_static\" data-id=\"f89a98b\" data-element_type=\"section\" data-e-type=\"section\" data-settings=\"{&quot;background_background&quot;:&quot;classic&quot;,&quot;stretch_section&quot;:&quot;section-stretched&quot;}\">\n\t\t\t\t\t\t<div class=\"elementor-container elementor-column-gap-extended\">\n\t\t\t\t\t<div class=\"elementor-column elementor-col-100 elementor-top-column elementor-element elementor-element-9461b03 sc_inner_width_none sc_content_align_inherit sc_layouts_column_icons_position_left sc_fly_static\" data-id=\"9461b03\" data-element_type=\"column\" data-e-type=\"column\">\n\t\t\t<div class=\"elementor-widget-wrap elementor-element-populated\">\n\t\t\t\t\t\t<div class=\"elementor-element elementor-element-fbb8b52 sc_height_huge sc_fly_static elementor-widget elementor-widget-spacer\" data-id=\"fbb8b52\" data-element_type=\"widget\" data-e-type=\"widget\" data-widget_type=\"spacer.default\">\n\t\t\t\t<div class=\"elementor-widget-container\">\n\t\t\t\t\t\t\t<div class=\"elementor-spacer\">\n\t\t\t<div class=\"elementor-spacer-inner\"><\/div>\n\t\t<\/div>\n\t\t\t\t\t\t<\/div>\n\t\t\t\t<\/div>\n\t\t\t\t<div class=\"elementor-element elementor-element-cd292b4 sc_fly_static elementor-widget elementor-widget-trx_sc_title\" data-id=\"cd292b4\" data-element_type=\"widget\" data-e-type=\"widget\" data-widget_type=\"trx_sc_title.default\">\n\t\t\t\t<div class=\"elementor-widget-container\">\n\t\t\t\t\t<div\t\tclass=\"sc_title color_style_link2 sc_title_default\" ><h1 class=\"sc_item_title sc_title_title sc_align_center sc_item_title_style_default sc_item_title_tag\"\n\t\t\t><span class=\"sc_item_title_text\">Organizatorzy, partnerzy i sponsorzy<\/span><\/h1><\/div>\t\t\t\t<\/div>\n\t\t\t\t<\/div>\n\t\t\t\t<div class=\"elementor-element elementor-element-2b07963 sc_height_small sc_fly_static elementor-widget elementor-widget-spacer\" data-id=\"2b07963\" data-element_type=\"widget\" data-e-type=\"widget\" data-widget_type=\"spacer.default\">\n\t\t\t\t<div class=\"elementor-widget-container\">\n\t\t\t\t\t\t\t<div class=\"elementor-spacer\">\n\t\t\t<div class=\"elementor-spacer-inner\"><\/div>\n\t\t<\/div>\n\t\t\t\t\t\t<\/div>\n\t\t\t\t<\/div>\n\t\t\t\t<div class=\"elementor-element elementor-element-8b04aed sc_fly_static elementor-widget elementor-widget-image\" data-id=\"8b04aed\" data-element_type=\"widget\" data-e-type=\"widget\" data-widget_type=\"image.default\">\n\t\t\t\t<div class=\"elementor-widget-container\">\n\t\t\t\t\t\t\t\t\t\t\t\t\t\t\t\t<a href=\"https:\/\/zninpowerboat.pl\/wp-content\/uploads\/2023\/05\/logotypyMME.png\" data-elementor-open-lightbox=\"yes\" data-elementor-lightbox-title=\"Organizatorzy i partnerzy\" data-e-action-hash=\"#elementor-action%3Aaction%3Dlightbox%26settings%3DeyJpZCI6MTk1NzQsInVybCI6Imh0dHBzOlwvXC96bmlucG93ZXJib2F0LnBsXC93cC1jb250ZW50XC91cGxvYWRzXC8yMDIzXC8wNVwvbG9nb3R5cHlNTUUucG5nIn0%3D\">\n\t\t\t\t\t\t\t<img decoding=\"async\" width=\"1024\" height=\"570\" src=\"https:\/\/zninpowerboat.pl\/wp-content\/uploads\/2023\/05\/logotypyMME-1024x570.png\" class=\"attachment-large size-large wp-image-19574\" alt=\"Organizatorzy i partnerzy\" srcset=\"https:\/\/zninpowerboat.pl\/wp-content\/uploads\/2023\/05\/logotypyMME-1024x570.png 1024w, https:\/\/zninpowerboat.pl\/wp-content\/uploads\/2023\/05\/logotypyMME-300x167.png 300w, https:\/\/zninpowerboat.pl\/wp-content\/uploads\/2023\/05\/logotypyMME-768x428.png 768w, https:\/\/zninpowerboat.pl\/wp-content\/uploads\/2023\/05\/logotypyMME-1536x855.png 1536w, https:\/\/zninpowerboat.pl\/wp-content\/uploads\/2023\/05\/logotypyMME-2048x1140.png 2048w, https:\/\/zninpowerboat.pl\/wp-content\/uploads\/2023\/05\/logotypyMME-370x206.png 370w, https:\/\/zninpowerboat.pl\/wp-content\/uploads\/2023\/05\/logotypyMME-840x468.png 840w, https:\/\/zninpowerboat.pl\/wp-content\/uploads\/2023\/05\/logotypyMME-410x228.png 410w\" sizes=\"(max-width: 1024px) 100vw, 1024px\" \/>\t\t\t\t\t\t\t\t<\/a>\n\t\t\t\t\t\t\t\t\t\t\t\t\t\t\t<\/div>\n\t\t\t\t<\/div>\n\t\t\t\t<div class=\"elementor-element elementor-element-a46bbe0 sc_height_medium sc_fly_static elementor-widget elementor-widget-spacer\" data-id=\"a46bbe0\" data-element_type=\"widget\" data-e-type=\"widget\" data-widget_type=\"spacer.default\">\n\t\t\t\t<div class=\"elementor-widget-container\">\n\t\t\t\t\t\t\t<div class=\"elementor-spacer\">\n\t\t\t<div class=\"elementor-spacer-inner\"><\/div>\n\t\t<\/div>\n\t\t\t\t\t\t<\/div>\n\t\t\t\t<\/div>\n\t\t\t\t\t<\/div>\n\t\t<\/div>\n\t\t\t\t\t<\/div>\n\t\t<\/section>\n\t\t\t\t<section class=\"elementor-section elementor-top-section elementor-element elementor-element-e778b40 elementor-section-stretched elementor-section-boxed elementor-section-height-default elementor-section-height-default sc_fly_static\" data-id=\"e778b40\" data-element_type=\"section\" data-e-type=\"section\" data-settings=\"{&quot;stretch_section&quot;:&quot;section-stretched&quot;,&quot;background_background&quot;:&quot;classic&quot;}\">\n\t\t\t\t\t\t<div class=\"elementor-container elementor-column-gap-extended\">\n\t\t\t\t\t<div class=\"elementor-column elementor-col-50 elementor-top-column elementor-element elementor-element-c725489 sc_inner_width_none sc_content_align_inherit sc_layouts_column_icons_position_left sc_fly_static\" data-id=\"c725489\" data-element_type=\"column\" data-e-type=\"column\">\n\t\t\t<div class=\"elementor-widget-wrap elementor-element-populated\">\n\t\t\t\t\t\t<div class=\"elementor-element elementor-element-22eb5a0 sc_fly_static elementor-widget elementor-widget-trx_sc_title\" data-id=\"22eb5a0\" data-element_type=\"widget\" data-e-type=\"widget\" data-widget_type=\"trx_sc_title.default\">\n\t\t\t\t<div class=\"elementor-widget-container\">\n\t\t\t\t\t<div\t\tclass=\"sc_title color_style_link2 sc_title_default\" ><span class=\"sc_item_subtitle sc_title_subtitle sc_align_right sc_item_subtitle_above sc_item_title_style_default\"><span style=\"font-weight: 400\">Motorowodne Mistrzostwa \u015awiata obj\u0119te patronatem<\/span><\/span><h1 class=\"sc_item_title sc_title_title sc_align_right sc_item_title_style_default sc_item_title_tag\"\n\t\t\t><span class=\"sc_item_title_text\">Stowarzyszenia Metropolia Bydgoszcz<\/span><\/h1><\/div>\t\t\t\t<\/div>\n\t\t\t\t<\/div>\n\t\t\t\t\t<\/div>\n\t\t<\/div>\n\t\t\t\t<div class=\"elementor-column elementor-col-50 elementor-top-column elementor-element elementor-element-d570ce6 sc_inner_width_none sc_content_align_inherit sc_layouts_column_icons_position_left sc_fly_static\" data-id=\"d570ce6\" data-element_type=\"column\" data-e-type=\"column\">\n\t\t\t<div class=\"elementor-widget-wrap elementor-element-populated\">\n\t\t\t\t\t\t<section class=\"elementor-section elementor-inner-section elementor-element elementor-element-01cf09e elementor-section-boxed elementor-section-height-default elementor-section-height-default sc_fly_static\" data-id=\"01cf09e\" data-element_type=\"section\" data-e-type=\"section\">\n\t\t\t\t\t\t<div class=\"elementor-container elementor-column-gap-no\">\n\t\t\t\t\t<div class=\"elementor-column elementor-col-100 elementor-inner-column elementor-element elementor-element-dd1bf01 sc_inner_width_none sc_content_align_inherit sc_layouts_column_icons_position_left sc_fly_static\" data-id=\"dd1bf01\" data-element_type=\"column\" data-e-type=\"column\">\n\t\t\t<div class=\"elementor-widget-wrap elementor-element-populated\">\n\t\t\t\t\t\t<div class=\"elementor-element elementor-element-8988faa no-title sc_fly_static elementor-widget elementor-widget-image\" data-id=\"8988faa\" data-element_type=\"widget\" data-e-type=\"widget\" data-widget_type=\"image.default\">\n\t\t\t\t<div class=\"elementor-widget-container\">\n\t\t\t\t\t\t\t\t\t\t\t\t\t\t\t<img decoding=\"async\" width=\"397\" height=\"394\" src=\"https:\/\/zninpowerboat.pl\/wp-content\/uploads\/2023\/05\/metropolia.jpg\" class=\"attachment-full size-full wp-image-19862\" alt=\"Stowarzyszenia Metropolia Bydgoszcz\" srcset=\"https:\/\/zninpowerboat.pl\/wp-content\/uploads\/2023\/05\/metropolia.jpg 397w, https:\/\/zninpowerboat.pl\/wp-content\/uploads\/2023\/05\/metropolia-300x298.jpg 300w, https:\/\/zninpowerboat.pl\/wp-content\/uploads\/2023\/05\/metropolia-150x150.jpg 150w, https:\/\/zninpowerboat.pl\/wp-content\/uploads\/2023\/05\/metropolia-370x367.jpg 370w, https:\/\/zninpowerboat.pl\/wp-content\/uploads\/2023\/05\/metropolia-120x120.jpg 120w\" sizes=\"(max-width: 600px) 100vw, 397px\" \/>\t\t\t\t\t\t\t\t\t\t\t\t\t\t\t<\/div>\n\t\t\t\t<\/div>\n\t\t\t\t\t<\/div>\n\t\t<\/div>\n\t\t\t\t\t<\/div>\n\t\t<\/section>\n\t\t\t\t\t<\/div>\n\t\t<\/div>\n\t\t\t\t\t<\/div>\n\t\t<\/section>\n\t\t\t\t<section class=\"elementor-section elementor-top-section elementor-element elementor-element-de1bd9b scheme_light elementor-section-boxed elementor-section-height-default elementor-section-height-default sc_fly_static\" data-id=\"de1bd9b\" data-element_type=\"section\" data-e-type=\"section\" data-settings=\"{&quot;background_background&quot;:&quot;classic&quot;}\">\n\t\t\t\t\t\t<div class=\"elementor-container elementor-column-gap-extended\">\n\t\t\t\t\t<div class=\"elementor-column elementor-col-100 elementor-top-column elementor-element elementor-element-235ad09 sc_inner_width_none sc_content_align_inherit sc_layouts_column_icons_position_left sc_fly_static\" data-id=\"235ad09\" data-element_type=\"column\" data-e-type=\"column\">\n\t\t\t<div class=\"elementor-widget-wrap elementor-element-populated\">\n\t\t\t\t\t\t<div class=\"elementor-element elementor-element-c8bdd26 sc_height_huge sc_fly_static elementor-widget elementor-widget-spacer\" data-id=\"c8bdd26\" data-element_type=\"widget\" data-e-type=\"widget\" data-widget_type=\"spacer.default\">\n\t\t\t\t<div class=\"elementor-widget-container\">\n\t\t\t\t\t\t\t<div class=\"elementor-spacer\">\n\t\t\t<div class=\"elementor-spacer-inner\"><\/div>\n\t\t<\/div>\n\t\t\t\t\t\t<\/div>\n\t\t\t\t<\/div>\n\t\t\t\t\t<\/div>\n\t\t<\/div>\n\t\t\t\t\t<\/div>\n\t\t<\/section>\n\t\t\t\t<\/div>\n\t\t","protected":false},"excerpt":{"rendered":"<p>Sponsor G\u0142\u00f3wny Organizatorzy, partnerzy i sponsorzy Motorowodne Mistrzostwa \u015awiata obj\u0119te patronatem Stowarzyszenia Metropolia Bydgoszcz<\/p>\n","protected":false},"author":1,"featured_media":0,"parent":0,"menu_order":0,"comment_status":"closed","ping_status":"closed","template":"","meta":{"rs_blank_template":"","rs_page_bg_color":"","slide_template_v7":"","footnotes":""},"class_list":["post-19527","page","type-page","status-publish","hentry"],"yoast_head":"<!-- This site is optimized with the Yoast SEO plugin v20.8 - https:\/\/yoast.com\/wordpress\/plugins\/seo\/ -->\n<title>Partners - Motorowodne Mistrzostwa \u017bnin 2026<\/title>\n<meta name=\"robots\" content=\"index, follow, max-snippet:-1, max-image-preview:large, max-video-preview:-1\" \/>\n<link rel=\"canonical\" href=\"https:\/\/zninpowerboat.pl\/?page_id=19527&lang=en\" \/>\n<meta property=\"og:locale\" content=\"pl_PL\" \/>\n<meta property=\"og:type\" content=\"article\" \/>\n<meta property=\"og:title\" content=\"Partners - Motorowodne Mistrzostwa \u017bnin 2026\" \/>\n<meta property=\"og:description\" content=\"Sponsor G\u0142\u00f3wny Organizatorzy, partnerzy i sponsorzy Motorowodne Mistrzostwa \u015awiata obj\u0119te patronatem Stowarzyszenia Metropolia Bydgoszcz\" \/>\n<meta property=\"og:url\" content=\"https:\/\/zninpowerboat.pl\/?page_id=19527&amp;lang=en\" \/>\n<meta property=\"og:site_name\" content=\"Motorowodne Mistrzostwa \u017bnin 2026\" \/>\n<meta property=\"article:modified_time\" content=\"2023-06-18T22:29:24+00:00\" \/>\n<meta property=\"og:image\" content=\"https:\/\/zninpowerboat.pl\/wp-content\/uploads\/2023\/06\/enea_logo-300x169.png\" \/>\n<meta name=\"twitter:card\" content=\"summary_large_image\" \/>\n<meta name=\"twitter:label1\" content=\"Szacowany czas czytania\" \/>\n\t<meta name=\"twitter:data1\" content=\"1 minuta\" \/>\n<script type=\"application\/ld+json\" class=\"yoast-schema-graph\">{\"@context\":\"https:\/\/schema.org\",\"@graph\":[{\"@type\":\"WebPage\",\"@id\":\"https:\/\/zninpowerboat.pl\/?page_id=19527&lang=en\",\"url\":\"https:\/\/zninpowerboat.pl\/?page_id=19527&lang=en\",\"name\":\"Partners - Motorowodne Mistrzostwa \u017bnin 2026\",\"isPartOf\":{\"@id\":\"https:\/\/zninpowerboat.pl\/#website\"},\"datePublished\":\"2023-05-15T20:40:59+00:00\",\"dateModified\":\"2023-06-18T22:29:24+00:00\",\"breadcrumb\":{\"@id\":\"https:\/\/zninpowerboat.pl\/?page_id=19527&lang=en#breadcrumb\"},\"inLanguage\":\"pl-PL\",\"potentialAction\":[{\"@type\":\"ReadAction\",\"target\":[\"https:\/\/zninpowerboat.pl\/?page_id=19527&lang=en\"]}]},{\"@type\":\"BreadcrumbList\",\"@id\":\"https:\/\/zninpowerboat.pl\/?page_id=19527&lang=en#breadcrumb\",\"itemListElement\":[{\"@type\":\"ListItem\",\"position\":1,\"name\":\"Strona g\u0142\u00f3wna\",\"item\":\"https:\/\/zninpowerboat.pl\/\"},{\"@type\":\"ListItem\",\"position\":2,\"name\":\"Partners\"}]},{\"@type\":\"WebSite\",\"@id\":\"https:\/\/zninpowerboat.pl\/#website\",\"url\":\"https:\/\/zninpowerboat.pl\/\",\"name\":\"Motorowodne Mistrzostwa \u017bnin 2026\",\"description\":\"Oficjalna strona MOTOROWODNYCH MISTRZOSTW \u015aWIATA HYDRO GP w klasach F-125, F-250, F-500 oraz ELIMINACJI MOTOROWODNYCH MISTRZOSTW POLSKI w klasach OSY-400, GT-30, GT-15, P-750\",\"potentialAction\":[{\"@type\":\"SearchAction\",\"target\":{\"@type\":\"EntryPoint\",\"urlTemplate\":\"https:\/\/zninpowerboat.pl\/?s={search_term_string}\"},\"query-input\":\"required name=search_term_string\"}],\"inLanguage\":\"pl-PL\"}]}<\/script>\n<!-- \/ Yoast SEO plugin. -->","yoast_head_json":{"title":"Partners - Motorowodne Mistrzostwa \u017bnin 2026","robots":{"index":"index","follow":"follow","max-snippet":"max-snippet:-1","max-image-preview":"max-image-preview:large","max-video-preview":"max-video-preview:-1"},"canonical":"https:\/\/zninpowerboat.pl\/?page_id=19527&lang=en","og_locale":"pl_PL","og_type":"article","og_title":"Partners - Motorowodne Mistrzostwa \u017bnin 2026","og_description":"Sponsor G\u0142\u00f3wny Organizatorzy, partnerzy i sponsorzy Motorowodne Mistrzostwa \u015awiata obj\u0119te patronatem Stowarzyszenia Metropolia Bydgoszcz","og_url":"https:\/\/zninpowerboat.pl\/?page_id=19527&lang=en","og_site_name":"Motorowodne Mistrzostwa \u017bnin 2026","article_modified_time":"2023-06-18T22:29:24+00:00","og_image":[{"url":"https:\/\/zninpowerboat.pl\/wp-content\/uploads\/2023\/06\/enea_logo-300x169.png"}],"twitter_card":"summary_large_image","twitter_misc":{"Szacowany czas czytania":"1 minuta"},"schema":{"@context":"https:\/\/schema.org","@graph":[{"@type":"WebPage","@id":"https:\/\/zninpowerboat.pl\/?page_id=19527&lang=en","url":"https:\/\/zninpowerboat.pl\/?page_id=19527&lang=en","name":"Partners - Motorowodne Mistrzostwa \u017bnin 2026","isPartOf":{"@id":"https:\/\/zninpowerboat.pl\/#website"},"datePublished":"2023-05-15T20:40:59+00:00","dateModified":"2023-06-18T22:29:24+00:00","breadcrumb":{"@id":"https:\/\/zninpowerboat.pl\/?page_id=19527&lang=en#breadcrumb"},"inLanguage":"pl-PL","potentialAction":[{"@type":"ReadAction","target":["https:\/\/zninpowerboat.pl\/?page_id=19527&lang=en"]}]},{"@type":"BreadcrumbList","@id":"https:\/\/zninpowerboat.pl\/?page_id=19527&lang=en#breadcrumb","itemListElement":[{"@type":"ListItem","position":1,"name":"Strona g\u0142\u00f3wna","item":"https:\/\/zninpowerboat.pl\/"},{"@type":"ListItem","position":2,"name":"Partners"}]},{"@type":"WebSite","@id":"https:\/\/zninpowerboat.pl\/#website","url":"https:\/\/zninpowerboat.pl\/","name":"Motorowodne Mistrzostwa \u017bnin 2026","description":"Oficjalna strona MOTOROWODNYCH MISTRZOSTW \u015aWIATA HYDRO GP w klasach F-125, F-250, F-500 oraz ELIMINACJI MOTOROWODNYCH MISTRZOSTW POLSKI w klasach OSY-400, GT-30, GT-15, P-750","potentialAction":[{"@type":"SearchAction","target":{"@type":"EntryPoint","urlTemplate":"https:\/\/zninpowerboat.pl\/?s={search_term_string}"},"query-input":"required name=search_term_string"}],"inLanguage":"pl-PL"}]}},"_links":{"self":[{"href":"https:\/\/zninpowerboat.pl\/index.php?rest_route=\/wp\/v2\/pages\/19527","targetHints":{"allow":["GET"]}}],"collection":[{"href":"https:\/\/zninpowerboat.pl\/index.php?rest_route=\/wp\/v2\/pages"}],"about":[{"href":"https:\/\/zninpowerboat.pl\/index.php?rest_route=\/wp\/v2\/types\/page"}],"author":[{"embeddable":true,"href":"https:\/\/zninpowerboat.pl\/index.php?rest_route=\/wp\/v2\/users\/1"}],"replies":[{"embeddable":true,"href":"https:\/\/zninpowerboat.pl\/index.php?rest_route=%2Fwp%2Fv2%2Fcomments&post=19527"}],"version-history":[{"count":16,"href":"https:\/\/zninpowerboat.pl\/index.php?rest_route=\/wp\/v2\/pages\/19527\/revisions"}],"predecessor-version":[{"id":19988,"href":"https:\/\/zninpowerboat.pl\/index.php?rest_route=\/wp\/v2\/pages\/19527\/revisions\/19988"}],"wp:attachment":[{"href":"https:\/\/zninpowerboat.pl\/index.php?rest_route=%2Fwp%2Fv2%2Fmedia&parent=19527"}],"curies":[{"name":"wp","href":"https:\/\/api.w.org\/{rel}","templated":true}]}}