{"id":19520,"date":"2023-05-15T22:38:13","date_gmt":"2023-05-15T20:38:13","guid":{"rendered":"https:\/\/zninpowerboat.pl\/?page_id=19520"},"modified":"2023-05-15T22:38:14","modified_gmt":"2023-05-15T20:38:14","slug":"ombudsman-contact","status":"publish","type":"page","link":"https:\/\/zninpowerboat.pl\/?page_id=19520&lang=en","title":{"rendered":"Ombudsman contact"},"content":{"rendered":"\t\t<div data-elementor-type=\"wp-page\" data-elementor-id=\"19520\" class=\"elementor elementor-19520\">\n\t\t\t\t\t\t<section class=\"elementor-section elementor-top-section elementor-element elementor-element-49686de elementor-section-height-min-height elementor-section-content-top elementor-section-items-top elementor-section-boxed elementor-section-height-default sc_fly_static\" data-id=\"49686de\" data-element_type=\"section\" data-e-type=\"section\">\n\t\t\t\t\t\t<div class=\"elementor-container elementor-column-gap-extended\">\n\t\t\t\t\t<div class=\"elementor-column elementor-col-100 elementor-top-column elementor-element elementor-element-f1dbf11 sc_layouts_column_align_center sc_layouts_column sc_inner_width_none sc_content_align_inherit sc_layouts_column_icons_position_left sc_fly_static\" data-id=\"f1dbf11\" data-element_type=\"column\" data-e-type=\"column\">\n\t\t\t<div class=\"elementor-widget-wrap elementor-element-populated\">\n\t\t\t\t\t\t<div class=\"elementor-element elementor-element-b5f1be0 elementor-view-default sc_fly_static elementor-widget elementor-widget-icon\" data-id=\"b5f1be0\" data-element_type=\"widget\" data-e-type=\"widget\" data-widget_type=\"icon.default\">\n\t\t\t\t<div class=\"elementor-widget-container\">\n\t\t\t\t\t\t\t<div class=\"elementor-icon-wrapper\">\n\t\t\t<a class=\"elementor-icon\" href=\"#anchor\">\n\t\t\t<svg xmlns=\"http:\/\/www.w3.org\/2000\/svg\" width=\"14.626\" height=\"8.639\" viewBox=\"0 0 14.626 8.639\"><g id=\"down-arrow\" transform=\"translate(0 -70.698)\"><g id=\"Group_8820\" data-name=\"Group 8820\" transform=\"translate(0 100.698)\"><path id=\"Path_6507\" data-name=\"Path 6507\" d=\"M14.392,101.42l-.479-.482a.8.8,0,0,0-1.132,0L7.316,106.4l-5.472-5.472a.8.8,0,0,0-1.132,0l-.479.479a.8.8,0,0,0,0,1.131l6.515,6.538a.818.818,0,0,0,.567.257h0a.818.818,0,0,0,.566-.257l6.508-6.52a.808.808,0,0,0,.234-.571A.8.8,0,0,0,14.392,101.42Z\" transform=\"translate(0 -130.698)\"><\/path><\/g><\/g><\/svg>\t\t\t<\/a>\n\t\t<\/div>\n\t\t\t\t\t\t<\/div>\n\t\t\t\t<\/div>\n\t\t\t\t\t<\/div>\n\t\t<\/div>\n\t\t\t\t\t<\/div>\n\t\t<\/section>\n\t\t\t\t<section class=\"elementor-section elementor-top-section elementor-element elementor-element-07505bc elementor-section-boxed elementor-section-height-default elementor-section-height-default sc_fly_static\" data-id=\"07505bc\" data-element_type=\"section\" data-e-type=\"section\">\n\t\t\t\t\t\t<div class=\"elementor-container elementor-column-gap-extended\">\n\t\t\t\t\t<div class=\"elementor-column elementor-col-100 elementor-top-column elementor-element elementor-element-e81588a sc_inner_width_none sc_content_align_inherit sc_layouts_column_icons_position_left sc_fly_static\" data-id=\"e81588a\" data-element_type=\"column\" data-e-type=\"column\">\n\t\t\t<div class=\"elementor-widget-wrap elementor-element-populated\">\n\t\t\t\t\t\t<div class=\"elementor-element elementor-element-c75e150 sc_height_huge sc_fly_static elementor-widget elementor-widget-spacer\" data-id=\"c75e150\" data-element_type=\"widget\" data-e-type=\"widget\" data-widget_type=\"spacer.default\">\n\t\t\t\t<div class=\"elementor-widget-container\">\n\t\t\t\t\t\t\t<div class=\"elementor-spacer\">\n\t\t\t<div class=\"elementor-spacer-inner\"><\/div>\n\t\t<\/div>\n\t\t\t\t\t\t<\/div>\n\t\t\t\t<\/div>\n\t\t\t\t\t<\/div>\n\t\t<\/div>\n\t\t\t\t\t<\/div>\n\t\t<\/section>\n\t\t\t\t<section class=\"elementor-section elementor-top-section elementor-element elementor-element-2db53d9 elementor-section-stretched elementor-section-boxed elementor-section-height-default elementor-section-height-default sc_fly_static\" data-id=\"2db53d9\" data-element_type=\"section\" data-e-type=\"section\" data-settings=\"{&quot;stretch_section&quot;:&quot;section-stretched&quot;,&quot;background_background&quot;:&quot;classic&quot;}\">\n\t\t\t\t\t\t<div class=\"elementor-container elementor-column-gap-extended\">\n\t\t\t\t\t<div class=\"elementor-column elementor-col-50 elementor-top-column elementor-element elementor-element-749ab56 sc_inner_width_none sc_content_align_inherit sc_layouts_column_icons_position_left sc_fly_static\" data-id=\"749ab56\" data-element_type=\"column\" data-e-type=\"column\">\n\t\t\t<div class=\"elementor-widget-wrap elementor-element-populated\">\n\t\t\t\t\t\t<section class=\"elementor-section elementor-inner-section elementor-element elementor-element-f5fed15 elementor-section-boxed elementor-section-height-default elementor-section-height-default sc_fly_static\" data-id=\"f5fed15\" data-element_type=\"section\" data-e-type=\"section\">\n\t\t\t\t\t\t<div class=\"elementor-container elementor-column-gap-no\">\n\t\t\t\t\t<div class=\"elementor-column elementor-col-100 elementor-inner-column elementor-element elementor-element-2c83975 sc_inner_width_none sc_content_align_inherit sc_layouts_column_icons_position_left sc_fly_static\" data-id=\"2c83975\" data-element_type=\"column\" data-e-type=\"column\">\n\t\t\t<div class=\"elementor-widget-wrap elementor-element-populated\">\n\t\t\t\t\t\t<div class=\"elementor-element elementor-element-684db36 no-title sc_fly_static elementor-widget elementor-widget-image\" data-id=\"684db36\" data-element_type=\"widget\" data-e-type=\"widget\" data-widget_type=\"image.default\">\n\t\t\t\t<div class=\"elementor-widget-container\">\n\t\t\t\t\t\t\t\t\t\t\t\t\t\t\t<img fetchpriority=\"high\" decoding=\"async\" width=\"1200\" height=\"1200\" src=\"https:\/\/zninpowerboat.pl\/wp-content\/uploads\/2023\/05\/Aleksander-Kranc.jpg\" class=\"attachment-full size-full wp-image-19199\" alt=\"Aleksander Kranc\" srcset=\"https:\/\/zninpowerboat.pl\/wp-content\/uploads\/2023\/05\/Aleksander-Kranc.jpg 1200w, https:\/\/zninpowerboat.pl\/wp-content\/uploads\/2023\/05\/Aleksander-Kranc-300x300.jpg 300w, https:\/\/zninpowerboat.pl\/wp-content\/uploads\/2023\/05\/Aleksander-Kranc-1024x1024.jpg 1024w, https:\/\/zninpowerboat.pl\/wp-content\/uploads\/2023\/05\/Aleksander-Kranc-150x150.jpg 150w, https:\/\/zninpowerboat.pl\/wp-content\/uploads\/2023\/05\/Aleksander-Kranc-768x768.jpg 768w, https:\/\/zninpowerboat.pl\/wp-content\/uploads\/2023\/05\/Aleksander-Kranc-370x370.jpg 370w, https:\/\/zninpowerboat.pl\/wp-content\/uploads\/2023\/05\/Aleksander-Kranc-120x120.jpg 120w, https:\/\/zninpowerboat.pl\/wp-content\/uploads\/2023\/05\/Aleksander-Kranc-840x840.jpg 840w, https:\/\/zninpowerboat.pl\/wp-content\/uploads\/2023\/05\/Aleksander-Kranc-410x410.jpg 410w\" sizes=\"(max-width: 1200px) 100vw, 1200px\" \/>\t\t\t\t\t\t\t\t\t\t\t\t\t\t\t<\/div>\n\t\t\t\t<\/div>\n\t\t\t\t\t<\/div>\n\t\t<\/div>\n\t\t\t\t\t<\/div>\n\t\t<\/section>\n\t\t\t\t\t<\/div>\n\t\t<\/div>\n\t\t\t\t<div class=\"elementor-column elementor-col-50 elementor-top-column elementor-element elementor-element-11ea354 sc_inner_width_none sc_content_align_inherit sc_layouts_column_icons_position_left sc_fly_static\" data-id=\"11ea354\" data-element_type=\"column\" data-e-type=\"column\">\n\t\t\t<div class=\"elementor-widget-wrap elementor-element-populated\">\n\t\t\t\t\t\t<div class=\"elementor-element elementor-element-96257cb sc_fly_static elementor-widget elementor-widget-trx_sc_title\" data-id=\"96257cb\" data-element_type=\"widget\" data-e-type=\"widget\" data-widget_type=\"trx_sc_title.default\">\n\t\t\t\t<div class=\"elementor-widget-container\">\n\t\t\t\t\t<div\t\tclass=\"sc_title color_style_link2 sc_title_default\" ><span class=\"sc_item_subtitle sc_title_subtitle sc_item_subtitle_above sc_item_title_style_default\">Kontakt<\/span><h1 class=\"sc_item_title sc_title_title sc_item_title_style_default sc_item_title_tag\"\n\t\t\t><span class=\"sc_item_title_text\">UM w \u017bninie<\/span><\/h1><\/div>\t\t\t\t<\/div>\n\t\t\t\t<\/div>\n\t\t\t\t<div class=\"elementor-element elementor-element-44ef417 sc_fly_static elementor-widget elementor-widget-spacer\" data-id=\"44ef417\" data-element_type=\"widget\" data-e-type=\"widget\" data-widget_type=\"spacer.default\">\n\t\t\t\t<div class=\"elementor-widget-container\">\n\t\t\t\t\t\t\t<div class=\"elementor-spacer\">\n\t\t\t<div class=\"elementor-spacer-inner\"><\/div>\n\t\t<\/div>\n\t\t\t\t\t\t<\/div>\n\t\t\t\t<\/div>\n\t\t\t\t<div class=\"elementor-element elementor-element-42c3513 sc_fly_static elementor-widget elementor-widget-text-editor\" data-id=\"42c3513\" data-element_type=\"widget\" data-e-type=\"widget\" data-widget_type=\"text-editor.default\">\n\t\t\t\t<div class=\"elementor-widget-container\">\n\t\t\t\t\t\t\t\t\t<p>Chcesz nawi\u0105za\u0107 wsp\u00f3\u0142prac\u0119 medialn\u0105? Skontaktuj si\u0119 z rzecznikiem prasowym Urz\u0119du Miejskiego w \u017bninie.<\/p>\t\t\t\t\t\t\t\t<\/div>\n\t\t\t\t<\/div>\n\t\t\t\t<div class=\"elementor-element elementor-element-ec60b5d sc_height_small sc_fly_static elementor-widget elementor-widget-spacer\" data-id=\"ec60b5d\" data-element_type=\"widget\" data-e-type=\"widget\" data-widget_type=\"spacer.default\">\n\t\t\t\t<div class=\"elementor-widget-container\">\n\t\t\t\t\t\t\t<div class=\"elementor-spacer\">\n\t\t\t<div class=\"elementor-spacer-inner\"><\/div>\n\t\t<\/div>\n\t\t\t\t\t\t<\/div>\n\t\t\t\t<\/div>\n\t\t\t\t<div class=\"elementor-element elementor-element-e033fcc sc_fly_static elementor-widget elementor-widget-heading\" data-id=\"e033fcc\" data-element_type=\"widget\" data-e-type=\"widget\" data-widget_type=\"heading.default\">\n\t\t\t\t<div class=\"elementor-widget-container\">\n\t\t\t\t\t<h5 class=\"elementor-heading-title elementor-size-default\">Aleksander Kranc<\/h5>\t\t\t\t<\/div>\n\t\t\t\t<\/div>\n\t\t\t\t<div class=\"elementor-element elementor-element-a712f7b sc_height_tiny sc_fly_static elementor-widget elementor-widget-spacer\" data-id=\"a712f7b\" data-element_type=\"widget\" data-e-type=\"widget\" data-widget_type=\"spacer.default\">\n\t\t\t\t<div class=\"elementor-widget-container\">\n\t\t\t\t\t\t\t<div class=\"elementor-spacer\">\n\t\t\t<div class=\"elementor-spacer-inner\"><\/div>\n\t\t<\/div>\n\t\t\t\t\t\t<\/div>\n\t\t\t\t<\/div>\n\t\t\t\t<div class=\"elementor-element elementor-element-748e46c sc_fly_static elementor-widget elementor-widget-heading\" data-id=\"748e46c\" data-element_type=\"widget\" data-e-type=\"widget\" data-widget_type=\"heading.default\">\n\t\t\t\t<div class=\"elementor-widget-container\">\n\t\t\t\t\t<h5 class=\"elementor-heading-title elementor-size-default\"><a href=\"tel:516994498\"><span style=\"font-weight: 300;color: #A5A6AA;margin-right: 15px\">tel.:<\/span> 516 994 498<\/a><\/h5>\t\t\t\t<\/div>\n\t\t\t\t<\/div>\n\t\t\t\t<div class=\"elementor-element elementor-element-26f0ed2 sc_fly_static elementor-widget elementor-widget-spacer\" data-id=\"26f0ed2\" data-element_type=\"widget\" data-e-type=\"widget\" data-widget_type=\"spacer.default\">\n\t\t\t\t<div class=\"elementor-widget-container\">\n\t\t\t\t\t\t\t<div class=\"elementor-spacer\">\n\t\t\t<div class=\"elementor-spacer-inner\"><\/div>\n\t\t<\/div>\n\t\t\t\t\t\t<\/div>\n\t\t\t\t<\/div>\n\t\t\t\t<div class=\"elementor-element elementor-element-3c7f4fa sc_fly_static elementor-widget elementor-widget-heading\" data-id=\"3c7f4fa\" data-element_type=\"widget\" data-e-type=\"widget\" data-widget_type=\"heading.default\">\n\t\t\t\t<div class=\"elementor-widget-container\">\n\t\t\t\t\t<h5 class=\"elementor-heading-title elementor-size-default\"><a href=\"mailto:rzecznik@gminaznin.pl\"><span style=\"font-weight: 300;color: #A5A6AA;margin-right: 15px\">e-mail.:<\/span>rzecznik@gminaznin.pl<\/a><\/h5>\t\t\t\t<\/div>\n\t\t\t\t<\/div>\n\t\t\t\t<div class=\"elementor-element elementor-element-86ae585 sc_height_huge sc_layouts_hide_on_tablet sc_layouts_hide_on_mobile sc_fly_static elementor-widget elementor-widget-spacer\" data-id=\"86ae585\" data-element_type=\"widget\" data-e-type=\"widget\" data-widget_type=\"spacer.default\">\n\t\t\t\t<div class=\"elementor-widget-container\">\n\t\t\t\t\t\t\t<div class=\"elementor-spacer\">\n\t\t\t<div class=\"elementor-spacer-inner\"><\/div>\n\t\t<\/div>\n\t\t\t\t\t\t<\/div>\n\t\t\t\t<\/div>\n\t\t\t\t\t<\/div>\n\t\t<\/div>\n\t\t\t\t\t<\/div>\n\t\t<\/section>\n\t\t\t\t<section class=\"elementor-section elementor-top-section elementor-element elementor-element-cf3901f elementor-section-boxed elementor-section-height-default elementor-section-height-default sc_fly_static\" data-id=\"cf3901f\" data-element_type=\"section\" data-e-type=\"section\">\n\t\t\t\t\t\t<div class=\"elementor-container elementor-column-gap-extended\">\n\t\t\t\t\t<div class=\"elementor-column elementor-col-100 elementor-top-column elementor-element elementor-element-a7b5f35 sc_inner_width_none sc_content_align_inherit sc_layouts_column_icons_position_left sc_fly_static\" data-id=\"a7b5f35\" data-element_type=\"column\" data-e-type=\"column\">\n\t\t\t<div class=\"elementor-widget-wrap elementor-element-populated\">\n\t\t\t\t\t\t<div class=\"elementor-element elementor-element-150e53f sc_height_huge sc_fly_static elementor-widget elementor-widget-spacer\" data-id=\"150e53f\" data-element_type=\"widget\" data-e-type=\"widget\" data-widget_type=\"spacer.default\">\n\t\t\t\t<div class=\"elementor-widget-container\">\n\t\t\t\t\t\t\t<div class=\"elementor-spacer\">\n\t\t\t<div class=\"elementor-spacer-inner\"><\/div>\n\t\t<\/div>\n\t\t\t\t\t\t<\/div>\n\t\t\t\t<\/div>\n\t\t\t\t\t<\/div>\n\t\t<\/div>\n\t\t\t\t\t<\/div>\n\t\t<\/section>\n\t\t\t\t<\/div>\n\t\t","protected":false},"excerpt":{"rendered":"<p>Kontakt UM w \u017bninie Chcesz nawi\u0105za\u0107 wsp\u00f3\u0142prac\u0119 medialn\u0105? Skontaktuj si\u0119 z rzecznikiem prasowym Urz\u0119du Miejskiego w \u017bninie. Aleksander Kranc tel.: 516 994 498 e-mail.:rzecznik@gminaznin.pl<\/p>\n","protected":false},"author":1,"featured_media":0,"parent":0,"menu_order":0,"comment_status":"closed","ping_status":"closed","template":"","meta":{"rs_blank_template":"","rs_page_bg_color":"","slide_template_v7":"","footnotes":""},"class_list":["post-19520","page","type-page","status-publish","hentry"],"yoast_head":"<!-- This site is optimized with the Yoast SEO plugin v20.8 - https:\/\/yoast.com\/wordpress\/plugins\/seo\/ -->\n<title>Ombudsman contact - Motorowodne Mistrzostwa \u017bnin 2026<\/title>\n<meta name=\"robots\" content=\"index, follow, max-snippet:-1, max-image-preview:large, max-video-preview:-1\" \/>\n<link rel=\"canonical\" href=\"https:\/\/zninpowerboat.pl\/?page_id=19520&lang=en\" \/>\n<meta property=\"og:locale\" content=\"pl_PL\" \/>\n<meta property=\"og:type\" content=\"article\" \/>\n<meta property=\"og:title\" content=\"Ombudsman contact - Motorowodne Mistrzostwa \u017bnin 2026\" \/>\n<meta property=\"og:description\" content=\"Kontakt UM w \u017bninie Chcesz nawi\u0105za\u0107 wsp\u00f3\u0142prac\u0119 medialn\u0105? Skontaktuj si\u0119 z rzecznikiem prasowym Urz\u0119du Miejskiego w \u017bninie. Aleksander Kranc tel.: 516 994 498 e-mail.:rzecznik@gminaznin.pl\" \/>\n<meta property=\"og:url\" content=\"https:\/\/zninpowerboat.pl\/?page_id=19520&amp;lang=en\" \/>\n<meta property=\"og:site_name\" content=\"Motorowodne Mistrzostwa \u017bnin 2026\" \/>\n<meta property=\"article:modified_time\" content=\"2023-05-15T20:38:14+00:00\" \/>\n<meta property=\"og:image\" content=\"https:\/\/zninpowerboat.pl\/wp-content\/uploads\/2023\/05\/Aleksander-Kranc.jpg\" \/>\n<meta name=\"twitter:card\" content=\"summary_large_image\" \/>\n<meta name=\"twitter:label1\" content=\"Szacowany czas czytania\" \/>\n\t<meta name=\"twitter:data1\" content=\"1 minuta\" \/>\n<script type=\"application\/ld+json\" class=\"yoast-schema-graph\">{\"@context\":\"https:\/\/schema.org\",\"@graph\":[{\"@type\":\"WebPage\",\"@id\":\"https:\/\/zninpowerboat.pl\/?page_id=19520&lang=en\",\"url\":\"https:\/\/zninpowerboat.pl\/?page_id=19520&lang=en\",\"name\":\"Ombudsman contact - Motorowodne Mistrzostwa \u017bnin 2026\",\"isPartOf\":{\"@id\":\"https:\/\/zninpowerboat.pl\/#website\"},\"datePublished\":\"2023-05-15T20:38:13+00:00\",\"dateModified\":\"2023-05-15T20:38:14+00:00\",\"breadcrumb\":{\"@id\":\"https:\/\/zninpowerboat.pl\/?page_id=19520&lang=en#breadcrumb\"},\"inLanguage\":\"pl-PL\",\"potentialAction\":[{\"@type\":\"ReadAction\",\"target\":[\"https:\/\/zninpowerboat.pl\/?page_id=19520&lang=en\"]}]},{\"@type\":\"BreadcrumbList\",\"@id\":\"https:\/\/zninpowerboat.pl\/?page_id=19520&lang=en#breadcrumb\",\"itemListElement\":[{\"@type\":\"ListItem\",\"position\":1,\"name\":\"Strona g\u0142\u00f3wna\",\"item\":\"https:\/\/zninpowerboat.pl\/\"},{\"@type\":\"ListItem\",\"position\":2,\"name\":\"Ombudsman contact\"}]},{\"@type\":\"WebSite\",\"@id\":\"https:\/\/zninpowerboat.pl\/#website\",\"url\":\"https:\/\/zninpowerboat.pl\/\",\"name\":\"Motorowodne Mistrzostwa \u017bnin 2026\",\"description\":\"Oficjalna strona MOTOROWODNYCH MISTRZOSTW \u015aWIATA HYDRO GP w klasach F-125, F-250, F-500 oraz ELIMINACJI MOTOROWODNYCH MISTRZOSTW POLSKI w klasach OSY-400, GT-30, GT-15, P-750\",\"potentialAction\":[{\"@type\":\"SearchAction\",\"target\":{\"@type\":\"EntryPoint\",\"urlTemplate\":\"https:\/\/zninpowerboat.pl\/?s={search_term_string}\"},\"query-input\":\"required name=search_term_string\"}],\"inLanguage\":\"pl-PL\"}]}<\/script>\n<!-- \/ Yoast SEO plugin. -->","yoast_head_json":{"title":"Ombudsman contact - Motorowodne Mistrzostwa \u017bnin 2026","robots":{"index":"index","follow":"follow","max-snippet":"max-snippet:-1","max-image-preview":"max-image-preview:large","max-video-preview":"max-video-preview:-1"},"canonical":"https:\/\/zninpowerboat.pl\/?page_id=19520&lang=en","og_locale":"pl_PL","og_type":"article","og_title":"Ombudsman contact - Motorowodne Mistrzostwa \u017bnin 2026","og_description":"Kontakt UM w \u017bninie Chcesz nawi\u0105za\u0107 wsp\u00f3\u0142prac\u0119 medialn\u0105? Skontaktuj si\u0119 z rzecznikiem prasowym Urz\u0119du Miejskiego w \u017bninie. Aleksander Kranc tel.: 516 994 498 e-mail.:rzecznik@gminaznin.pl","og_url":"https:\/\/zninpowerboat.pl\/?page_id=19520&lang=en","og_site_name":"Motorowodne Mistrzostwa \u017bnin 2026","article_modified_time":"2023-05-15T20:38:14+00:00","og_image":[{"url":"https:\/\/zninpowerboat.pl\/wp-content\/uploads\/2023\/05\/Aleksander-Kranc.jpg"}],"twitter_card":"summary_large_image","twitter_misc":{"Szacowany czas czytania":"1 minuta"},"schema":{"@context":"https:\/\/schema.org","@graph":[{"@type":"WebPage","@id":"https:\/\/zninpowerboat.pl\/?page_id=19520&lang=en","url":"https:\/\/zninpowerboat.pl\/?page_id=19520&lang=en","name":"Ombudsman contact - Motorowodne Mistrzostwa \u017bnin 2026","isPartOf":{"@id":"https:\/\/zninpowerboat.pl\/#website"},"datePublished":"2023-05-15T20:38:13+00:00","dateModified":"2023-05-15T20:38:14+00:00","breadcrumb":{"@id":"https:\/\/zninpowerboat.pl\/?page_id=19520&lang=en#breadcrumb"},"inLanguage":"pl-PL","potentialAction":[{"@type":"ReadAction","target":["https:\/\/zninpowerboat.pl\/?page_id=19520&lang=en"]}]},{"@type":"BreadcrumbList","@id":"https:\/\/zninpowerboat.pl\/?page_id=19520&lang=en#breadcrumb","itemListElement":[{"@type":"ListItem","position":1,"name":"Strona g\u0142\u00f3wna","item":"https:\/\/zninpowerboat.pl\/"},{"@type":"ListItem","position":2,"name":"Ombudsman contact"}]},{"@type":"WebSite","@id":"https:\/\/zninpowerboat.pl\/#website","url":"https:\/\/zninpowerboat.pl\/","name":"Motorowodne Mistrzostwa \u017bnin 2026","description":"Oficjalna strona MOTOROWODNYCH MISTRZOSTW \u015aWIATA HYDRO GP w klasach F-125, F-250, F-500 oraz ELIMINACJI MOTOROWODNYCH MISTRZOSTW POLSKI w klasach OSY-400, GT-30, GT-15, P-750","potentialAction":[{"@type":"SearchAction","target":{"@type":"EntryPoint","urlTemplate":"https:\/\/zninpowerboat.pl\/?s={search_term_string}"},"query-input":"required name=search_term_string"}],"inLanguage":"pl-PL"}]}},"_links":{"self":[{"href":"https:\/\/zninpowerboat.pl\/index.php?rest_route=\/wp\/v2\/pages\/19520","targetHints":{"allow":["GET"]}}],"collection":[{"href":"https:\/\/zninpowerboat.pl\/index.php?rest_route=\/wp\/v2\/pages"}],"about":[{"href":"https:\/\/zninpowerboat.pl\/index.php?rest_route=\/wp\/v2\/types\/page"}],"author":[{"embeddable":true,"href":"https:\/\/zninpowerboat.pl\/index.php?rest_route=\/wp\/v2\/users\/1"}],"replies":[{"embeddable":true,"href":"https:\/\/zninpowerboat.pl\/index.php?rest_route=%2Fwp%2Fv2%2Fcomments&post=19520"}],"version-history":[{"count":2,"href":"https:\/\/zninpowerboat.pl\/index.php?rest_route=\/wp\/v2\/pages\/19520\/revisions"}],"predecessor-version":[{"id":19522,"href":"https:\/\/zninpowerboat.pl\/index.php?rest_route=\/wp\/v2\/pages\/19520\/revisions\/19522"}],"wp:attachment":[{"href":"https:\/\/zninpowerboat.pl\/index.php?rest_route=%2Fwp%2Fv2%2Fmedia&parent=19520"}],"curies":[{"name":"wp","href":"https:\/\/api.w.org\/{rel}","templated":true}]}}