{"id":19390,"date":"2023-05-14T01:09:30","date_gmt":"2023-05-13T23:09:30","guid":{"rendered":"https:\/\/zninpowerboat.pl\/?page_id=19390"},"modified":"2025-05-29T14:23:31","modified_gmt":"2025-05-29T12:23:31","slug":"partnerzy","status":"publish","type":"page","link":"https:\/\/zninpowerboat.pl\/?page_id=19390","title":{"rendered":"Partnerzy"},"content":{"rendered":"\t\t<div data-elementor-type=\"wp-page\" data-elementor-id=\"19390\" class=\"elementor elementor-19390\">\n\t\t\t\t\t\t<section class=\"elementor-section elementor-top-section elementor-element elementor-element-f8baba4 scheme_light elementor-section-full_width elementor-section-stretched elementor-section-height-default elementor-section-height-default sc_fly_static\" data-id=\"f8baba4\" data-element_type=\"section\" data-e-type=\"section\" data-settings=\"{&quot;background_background&quot;:&quot;classic&quot;,&quot;stretch_section&quot;:&quot;section-stretched&quot;}\">\n\t\t\t\t\t\t<div class=\"elementor-container elementor-column-gap-extended\">\n\t\t\t\t\t<div class=\"elementor-column elementor-col-100 elementor-top-column elementor-element elementor-element-9eecf37 sc_inner_width_none sc_content_align_inherit sc_layouts_column_icons_position_left sc_fly_static\" data-id=\"9eecf37\" data-element_type=\"column\" data-e-type=\"column\">\n\t\t\t<div class=\"elementor-widget-wrap elementor-element-populated\">\n\t\t\t\t\t\t<div class=\"elementor-element elementor-element-6225a40 sc_height_huge sc_fly_static elementor-widget elementor-widget-spacer\" data-id=\"6225a40\" data-element_type=\"widget\" data-e-type=\"widget\" data-widget_type=\"spacer.default\">\n\t\t\t\t<div class=\"elementor-widget-container\">\n\t\t\t\t\t\t\t<div class=\"elementor-spacer\">\n\t\t\t<div class=\"elementor-spacer-inner\"><\/div>\n\t\t<\/div>\n\t\t\t\t\t\t<\/div>\n\t\t\t\t<\/div>\n\t\t\t\t\t<\/div>\n\t\t<\/div>\n\t\t\t\t\t<\/div>\n\t\t<\/section>\n\t\t\t\t<section class=\"elementor-section elementor-top-section elementor-element elementor-element-317c9f2 scheme_light elementor-section-full_width elementor-section-stretched elementor-section-height-default elementor-section-height-default sc_fly_static\" data-id=\"317c9f2\" data-element_type=\"section\" data-e-type=\"section\" data-settings=\"{&quot;background_background&quot;:&quot;classic&quot;,&quot;stretch_section&quot;:&quot;section-stretched&quot;}\">\n\t\t\t\t\t\t<div class=\"elementor-container elementor-column-gap-extended\">\n\t\t\t\t\t<div class=\"elementor-column elementor-col-100 elementor-top-column elementor-element elementor-element-3084d38 sc_inner_width_none sc_content_align_inherit sc_layouts_column_icons_position_left sc_fly_static\" data-id=\"3084d38\" data-element_type=\"column\" data-e-type=\"column\">\n\t\t\t<div class=\"elementor-widget-wrap elementor-element-populated\">\n\t\t\t\t\t\t<div class=\"elementor-element elementor-element-cf30c51 sc_fly_static elementor-widget elementor-widget-image\" data-id=\"cf30c51\" data-element_type=\"widget\" data-e-type=\"widget\" data-widget_type=\"image.default\">\n\t\t\t\t<div class=\"elementor-widget-container\">\n\t\t\t\t\t\t\t\t\t\t\t\t\t\t\t\t<a href=\"https:\/\/zninpowerboat.pl\/wp-content\/uploads\/2025\/05\/motorowodne_wszystkie-1.jpg\" data-elementor-open-lightbox=\"yes\" data-elementor-lightbox-title=\"motorowodne_wszystkie\" data-e-action-hash=\"#elementor-action%3Aaction%3Dlightbox%26settings%3DeyJpZCI6MjA0MzMsInVybCI6Imh0dHBzOlwvXC96bmlucG93ZXJib2F0LnBsXC93cC1jb250ZW50XC91cGxvYWRzXC8yMDI1XC8wNVwvbW90b3Jvd29kbmVfd3N6eXN0a2llLTEuanBnIn0%3D\">\n\t\t\t\t\t\t\t<img decoding=\"async\" src=\"https:\/\/zninpowerboat.pl\/wp-content\/uploads\/2025\/05\/motorowodne_wszystkie-1.jpg\" title=\"motorowodne_wszystkie\" alt=\"motorowodne_wszystkie\" loading=\"lazy\" \/>\t\t\t\t\t\t\t\t<\/a>\n\t\t\t\t\t\t\t\t\t\t\t\t\t\t\t<\/div>\n\t\t\t\t<\/div>\n\t\t\t\t<div class=\"elementor-element elementor-element-001cf20 sc_height_huge sc_fly_static elementor-widget elementor-widget-spacer\" data-id=\"001cf20\" data-element_type=\"widget\" data-e-type=\"widget\" data-widget_type=\"spacer.default\">\n\t\t\t\t<div class=\"elementor-widget-container\">\n\t\t\t\t\t\t\t<div class=\"elementor-spacer\">\n\t\t\t<div class=\"elementor-spacer-inner\"><\/div>\n\t\t<\/div>\n\t\t\t\t\t\t<\/div>\n\t\t\t\t<\/div>\n\t\t\t\t<div class=\"elementor-element elementor-element-aca5133 sc_fly_static elementor-widget elementor-widget-trx_sc_title\" data-id=\"aca5133\" data-element_type=\"widget\" data-e-type=\"widget\" data-widget_type=\"trx_sc_title.default\">\n\t\t\t\t<div class=\"elementor-widget-container\">\n\t\t\t\t\t<div\t\tclass=\"sc_title color_style_link2 sc_title_default\" ><h1 class=\"sc_item_title sc_title_title sc_align_center sc_item_title_style_default sc_item_title_tag\"\n\t\t\t><span class=\"sc_item_title_text\">Organizatorzy<\/span><\/h1><\/div>\t\t\t\t<\/div>\n\t\t\t\t<\/div>\n\t\t\t\t<div class=\"elementor-element elementor-element-e5d6529 sc_height_small sc_fly_static elementor-widget elementor-widget-spacer\" data-id=\"e5d6529\" data-element_type=\"widget\" data-e-type=\"widget\" data-widget_type=\"spacer.default\">\n\t\t\t\t<div class=\"elementor-widget-container\">\n\t\t\t\t\t\t\t<div class=\"elementor-spacer\">\n\t\t\t<div class=\"elementor-spacer-inner\"><\/div>\n\t\t<\/div>\n\t\t\t\t\t\t<\/div>\n\t\t\t\t<\/div>\n\t\t\t\t<div class=\"elementor-element elementor-element-2e1eaac sc_fly_static elementor-widget elementor-widget-image\" data-id=\"2e1eaac\" data-element_type=\"widget\" data-e-type=\"widget\" data-widget_type=\"image.default\">\n\t\t\t\t<div class=\"elementor-widget-container\">\n\t\t\t\t\t\t\t\t\t\t\t\t\t\t\t\t<a href=\"https:\/\/zninpowerboat.pl\/wp-content\/uploads\/2025\/05\/motorowodne_organizatorzy_popr-scaled.jpg\" data-elementor-open-lightbox=\"yes\" data-elementor-lightbox-title=\"motorowodne_organizatorzy_popr\" data-e-action-hash=\"#elementor-action%3Aaction%3Dlightbox%26settings%3DeyJpZCI6MjA0MjMsInVybCI6Imh0dHBzOlwvXC96bmlucG93ZXJib2F0LnBsXC93cC1jb250ZW50XC91cGxvYWRzXC8yMDI1XC8wNVwvbW90b3Jvd29kbmVfb3JnYW5pemF0b3J6eV9wb3ByLXNjYWxlZC5qcGcifQ%3D%3D\">\n\t\t\t\t\t\t\t<img decoding=\"async\" src=\"https:\/\/zninpowerboat.pl\/wp-content\/uploads\/2025\/05\/motorowodne_organizatorzy_popr-scaled.jpg\" title=\"motorowodne_organizatorzy_popr\" alt=\"motorowodne_organizatorzy_popr\" loading=\"lazy\" \/>\t\t\t\t\t\t\t\t<\/a>\n\t\t\t\t\t\t\t\t\t\t\t\t\t\t\t<\/div>\n\t\t\t\t<\/div>\n\t\t\t\t<div class=\"elementor-element elementor-element-da74ce2 sc_height_medium sc_fly_static elementor-widget elementor-widget-spacer\" data-id=\"da74ce2\" data-element_type=\"widget\" data-e-type=\"widget\" data-widget_type=\"spacer.default\">\n\t\t\t\t<div class=\"elementor-widget-container\">\n\t\t\t\t\t\t\t<div class=\"elementor-spacer\">\n\t\t\t<div class=\"elementor-spacer-inner\"><\/div>\n\t\t<\/div>\n\t\t\t\t\t\t<\/div>\n\t\t\t\t<\/div>\n\t\t\t\t\t<\/div>\n\t\t<\/div>\n\t\t\t\t\t<\/div>\n\t\t<\/section>\n\t\t\t\t<section class=\"elementor-section elementor-top-section elementor-element elementor-element-73084ac scheme_light elementor-section-boxed elementor-section-height-default elementor-section-height-default sc_fly_static\" data-id=\"73084ac\" data-element_type=\"section\" data-e-type=\"section\" data-settings=\"{&quot;background_background&quot;:&quot;classic&quot;}\">\n\t\t\t\t\t\t<div class=\"elementor-container elementor-column-gap-extended\">\n\t\t\t\t\t<div class=\"elementor-column elementor-col-100 elementor-top-column elementor-element elementor-element-84b113b sc_inner_width_none sc_content_align_inherit sc_layouts_column_icons_position_left sc_fly_static\" data-id=\"84b113b\" data-element_type=\"column\" data-e-type=\"column\">\n\t\t\t<div class=\"elementor-widget-wrap elementor-element-populated\">\n\t\t\t\t\t\t<div class=\"elementor-element elementor-element-6e28393 sc_height_huge sc_fly_static elementor-widget elementor-widget-spacer\" data-id=\"6e28393\" data-element_type=\"widget\" data-e-type=\"widget\" data-widget_type=\"spacer.default\">\n\t\t\t\t<div class=\"elementor-widget-container\">\n\t\t\t\t\t\t\t<div class=\"elementor-spacer\">\n\t\t\t<div class=\"elementor-spacer-inner\"><\/div>\n\t\t<\/div>\n\t\t\t\t\t\t<\/div>\n\t\t\t\t<\/div>\n\t\t\t\t\t<\/div>\n\t\t<\/div>\n\t\t\t\t\t<\/div>\n\t\t<\/section>\n\t\t\t\t<\/div>\n\t\t","protected":false},"excerpt":{"rendered":"<p>Organizatorzy<\/p>\n","protected":false},"author":1,"featured_media":0,"parent":0,"menu_order":0,"comment_status":"closed","ping_status":"closed","template":"","meta":{"footnotes":""},"class_list":["post-19390","page","type-page","status-publish","hentry"],"yoast_head":"<!-- This site is optimized with the Yoast SEO plugin v20.8 - https:\/\/yoast.com\/wordpress\/plugins\/seo\/ -->\n<title>Partnerzy - Motorowodne Mistrzostwa \u017bnin 2025<\/title>\n<meta name=\"robots\" content=\"index, follow, max-snippet:-1, max-image-preview:large, max-video-preview:-1\" \/>\n<link rel=\"canonical\" href=\"https:\/\/zninpowerboat.pl\/?page_id=19390\" \/>\n<meta property=\"og:locale\" content=\"pl_PL\" \/>\n<meta property=\"og:type\" content=\"article\" \/>\n<meta property=\"og:title\" content=\"Partnerzy - Motorowodne Mistrzostwa \u017bnin 2025\" \/>\n<meta property=\"og:description\" content=\"Organizatorzy\" \/>\n<meta property=\"og:url\" content=\"https:\/\/zninpowerboat.pl\/?page_id=19390\" \/>\n<meta property=\"og:site_name\" content=\"Motorowodne Mistrzostwa \u017bnin 2025\" \/>\n<meta property=\"article:modified_time\" content=\"2025-05-29T12:23:31+00:00\" \/>\n<meta property=\"og:image\" content=\"https:\/\/zninpowerboat.pl\/wp-content\/uploads\/2025\/05\/motorowodne_wszystkie-1.jpg\" \/>\n<meta name=\"twitter:card\" content=\"summary_large_image\" \/>\n<meta name=\"twitter:label1\" content=\"Szacowany czas czytania\" \/>\n\t<meta name=\"twitter:data1\" content=\"1 minuta\" \/>\n<script type=\"application\/ld+json\" class=\"yoast-schema-graph\">{\"@context\":\"https:\/\/schema.org\",\"@graph\":[{\"@type\":\"WebPage\",\"@id\":\"https:\/\/zninpowerboat.pl\/?page_id=19390\",\"url\":\"https:\/\/zninpowerboat.pl\/?page_id=19390\",\"name\":\"Partnerzy - Motorowodne Mistrzostwa \u017bnin 2025\",\"isPartOf\":{\"@id\":\"https:\/\/zninpowerboat.pl\/#website\"},\"datePublished\":\"2023-05-13T23:09:30+00:00\",\"dateModified\":\"2025-05-29T12:23:31+00:00\",\"breadcrumb\":{\"@id\":\"https:\/\/zninpowerboat.pl\/?page_id=19390#breadcrumb\"},\"inLanguage\":\"pl-PL\",\"potentialAction\":[{\"@type\":\"ReadAction\",\"target\":[\"https:\/\/zninpowerboat.pl\/?page_id=19390\"]}]},{\"@type\":\"BreadcrumbList\",\"@id\":\"https:\/\/zninpowerboat.pl\/?page_id=19390#breadcrumb\",\"itemListElement\":[{\"@type\":\"ListItem\",\"position\":1,\"name\":\"Strona g\u0142\u00f3wna\",\"item\":\"https:\/\/zninpowerboat.pl\/\"},{\"@type\":\"ListItem\",\"position\":2,\"name\":\"Partnerzy\"}]},{\"@type\":\"WebSite\",\"@id\":\"https:\/\/zninpowerboat.pl\/#website\",\"url\":\"https:\/\/zninpowerboat.pl\/\",\"name\":\"Motorowodne Mistrzostwa \u017bnin 2025\",\"description\":\"Oficjalna strona Motorowodnych Mistrzostw Europy w klasach F-700 i F125, Mi\u0119dzynarodowych Motorowodnych Mistrzostw Polski w klasach OSY-400, GT-30, GT-15 w \u017bninie\",\"potentialAction\":[{\"@type\":\"SearchAction\",\"target\":{\"@type\":\"EntryPoint\",\"urlTemplate\":\"https:\/\/zninpowerboat.pl\/?s={search_term_string}\"},\"query-input\":\"required name=search_term_string\"}],\"inLanguage\":\"pl-PL\"}]}<\/script>\n<!-- \/ Yoast SEO plugin. -->","yoast_head_json":{"title":"Partnerzy - Motorowodne Mistrzostwa \u017bnin 2025","robots":{"index":"index","follow":"follow","max-snippet":"max-snippet:-1","max-image-preview":"max-image-preview:large","max-video-preview":"max-video-preview:-1"},"canonical":"https:\/\/zninpowerboat.pl\/?page_id=19390","og_locale":"pl_PL","og_type":"article","og_title":"Partnerzy - Motorowodne Mistrzostwa \u017bnin 2025","og_description":"Organizatorzy","og_url":"https:\/\/zninpowerboat.pl\/?page_id=19390","og_site_name":"Motorowodne Mistrzostwa \u017bnin 2025","article_modified_time":"2025-05-29T12:23:31+00:00","og_image":[{"url":"https:\/\/zninpowerboat.pl\/wp-content\/uploads\/2025\/05\/motorowodne_wszystkie-1.jpg"}],"twitter_card":"summary_large_image","twitter_misc":{"Szacowany czas czytania":"1 minuta"},"schema":{"@context":"https:\/\/schema.org","@graph":[{"@type":"WebPage","@id":"https:\/\/zninpowerboat.pl\/?page_id=19390","url":"https:\/\/zninpowerboat.pl\/?page_id=19390","name":"Partnerzy - Motorowodne Mistrzostwa \u017bnin 2025","isPartOf":{"@id":"https:\/\/zninpowerboat.pl\/#website"},"datePublished":"2023-05-13T23:09:30+00:00","dateModified":"2025-05-29T12:23:31+00:00","breadcrumb":{"@id":"https:\/\/zninpowerboat.pl\/?page_id=19390#breadcrumb"},"inLanguage":"pl-PL","potentialAction":[{"@type":"ReadAction","target":["https:\/\/zninpowerboat.pl\/?page_id=19390"]}]},{"@type":"BreadcrumbList","@id":"https:\/\/zninpowerboat.pl\/?page_id=19390#breadcrumb","itemListElement":[{"@type":"ListItem","position":1,"name":"Strona g\u0142\u00f3wna","item":"https:\/\/zninpowerboat.pl\/"},{"@type":"ListItem","position":2,"name":"Partnerzy"}]},{"@type":"WebSite","@id":"https:\/\/zninpowerboat.pl\/#website","url":"https:\/\/zninpowerboat.pl\/","name":"Motorowodne Mistrzostwa \u017bnin 2025","description":"Oficjalna strona Motorowodnych Mistrzostw Europy w klasach F-700 i F125, Mi\u0119dzynarodowych Motorowodnych Mistrzostw Polski w klasach OSY-400, GT-30, GT-15 w \u017bninie","potentialAction":[{"@type":"SearchAction","target":{"@type":"EntryPoint","urlTemplate":"https:\/\/zninpowerboat.pl\/?s={search_term_string}"},"query-input":"required name=search_term_string"}],"inLanguage":"pl-PL"}]}},"_links":{"self":[{"href":"https:\/\/zninpowerboat.pl\/index.php?rest_route=\/wp\/v2\/pages\/19390","targetHints":{"allow":["GET"]}}],"collection":[{"href":"https:\/\/zninpowerboat.pl\/index.php?rest_route=\/wp\/v2\/pages"}],"about":[{"href":"https:\/\/zninpowerboat.pl\/index.php?rest_route=\/wp\/v2\/types\/page"}],"author":[{"embeddable":true,"href":"https:\/\/zninpowerboat.pl\/index.php?rest_route=\/wp\/v2\/users\/1"}],"replies":[{"embeddable":true,"href":"https:\/\/zninpowerboat.pl\/index.php?rest_route=%2Fwp%2Fv2%2Fcomments&post=19390"}],"version-history":[{"count":34,"href":"https:\/\/zninpowerboat.pl\/index.php?rest_route=\/wp\/v2\/pages\/19390\/revisions"}],"predecessor-version":[{"id":20440,"href":"https:\/\/zninpowerboat.pl\/index.php?rest_route=\/wp\/v2\/pages\/19390\/revisions\/20440"}],"wp:attachment":[{"href":"https:\/\/zninpowerboat.pl\/index.php?rest_route=%2Fwp%2Fv2%2Fmedia&parent=19390"}],"curies":[{"name":"wp","href":"https:\/\/api.w.org\/{rel}","templated":true}]}}