{"id":19130,"date":"2023-05-12T00:19:55","date_gmt":"2023-05-11T22:19:55","guid":{"rendered":"https:\/\/zninpowerboat.pl\/?page_id=19130"},"modified":"2024-05-27T17:30:17","modified_gmt":"2024-05-27T15:30:17","slug":"wolontariat","status":"publish","type":"page","link":"https:\/\/zninpowerboat.pl\/?page_id=19130","title":{"rendered":"Wolontariat"},"content":{"rendered":"\t\t<div data-elementor-type=\"wp-page\" data-elementor-id=\"19130\" class=\"elementor elementor-19130\">\n\t\t\t\t\t\t<section class=\"elementor-section elementor-top-section elementor-element elementor-element-9889fdc elementor-section-boxed elementor-section-height-default elementor-section-height-default sc_fly_static\" data-id=\"9889fdc\" data-element_type=\"section\" data-e-type=\"section\">\n\t\t\t\t\t\t<div class=\"elementor-container elementor-column-gap-extended\">\n\t\t\t\t\t<div class=\"elementor-column elementor-col-100 elementor-top-column elementor-element elementor-element-282f7a5 sc_inner_width_none sc_content_align_inherit sc_layouts_column_icons_position_left sc_fly_static\" data-id=\"282f7a5\" data-element_type=\"column\" data-e-type=\"column\">\n\t\t\t<div class=\"elementor-widget-wrap elementor-element-populated\">\n\t\t\t\t\t\t<div class=\"elementor-element elementor-element-14270bc sc_height_huge sc_fly_static elementor-widget elementor-widget-spacer\" data-id=\"14270bc\" data-element_type=\"widget\" data-e-type=\"widget\" data-widget_type=\"spacer.default\">\n\t\t\t\t<div class=\"elementor-widget-container\">\n\t\t\t\t\t\t\t<div class=\"elementor-spacer\">\n\t\t\t<div class=\"elementor-spacer-inner\"><\/div>\n\t\t<\/div>\n\t\t\t\t\t\t<\/div>\n\t\t\t\t<\/div>\n\t\t\t\t\t<\/div>\n\t\t<\/div>\n\t\t\t\t\t<\/div>\n\t\t<\/section>\n\t\t\t\t<section class=\"elementor-section elementor-top-section elementor-element elementor-element-411648b5 elementor-section-stretched elementor-section-content-middle elementor-section-boxed elementor-section-height-default elementor-section-height-default sc_fly_static\" data-id=\"411648b5\" data-element_type=\"section\" data-e-type=\"section\" data-settings=\"{&quot;stretch_section&quot;:&quot;section-stretched&quot;,&quot;background_background&quot;:&quot;classic&quot;}\">\n\t\t\t\t\t\t<div class=\"elementor-container elementor-column-gap-extended\">\n\t\t\t\t\t<div class=\"elementor-column elementor-col-50 elementor-top-column elementor-element elementor-element-4764b7ec sc_inner_width_none sc_content_align_inherit sc_layouts_column_icons_position_left sc_fly_static\" data-id=\"4764b7ec\" data-element_type=\"column\" data-e-type=\"column\">\n\t\t\t<div class=\"elementor-widget-wrap elementor-element-populated\">\n\t\t\t\t\t\t<section class=\"elementor-section elementor-inner-section elementor-element elementor-element-599838f1 elementor-section-content-bottom elementor-section-boxed elementor-section-height-default elementor-section-height-default sc_fly_static\" data-id=\"599838f1\" data-element_type=\"section\" data-e-type=\"section\">\n\t\t\t\t\t\t<div class=\"elementor-container elementor-column-gap-no\">\n\t\t\t\t\t<div class=\"elementor-column elementor-col-100 elementor-inner-column elementor-element elementor-element-633cfa1c sc_inner_width_none sc_content_align_inherit sc_layouts_column_icons_position_left sc_fly_static\" data-id=\"633cfa1c\" data-element_type=\"column\" data-e-type=\"column\">\n\t\t\t<div class=\"elementor-widget-wrap elementor-element-populated\">\n\t\t\t\t\t\t<div class=\"elementor-element elementor-element-522510a7 elementor-widget__width-auto no-title sc_fly_static elementor-widget elementor-widget-image\" data-id=\"522510a7\" data-element_type=\"widget\" data-e-type=\"widget\" data-widget_type=\"image.default\">\n\t\t\t\t<div class=\"elementor-widget-container\">\n\t\t\t\t\t\t\t\t\t\t\t\t<figure class=\"wp-caption\">\n\t\t\t\t\t\t\t\t\t\t<img fetchpriority=\"high\" decoding=\"async\" width=\"1119\" height=\"992\" src=\"https:\/\/zninpowerboat.pl\/wp-content\/uploads\/2023\/05\/wolontariat-2.jpg\" class=\"attachment-full size-full wp-image-19134\" alt=\"Chcesz zosta\u0107 wolontariuszem?\" srcset=\"https:\/\/zninpowerboat.pl\/wp-content\/uploads\/2023\/05\/wolontariat-2.jpg 1119w, https:\/\/zninpowerboat.pl\/wp-content\/uploads\/2023\/05\/wolontariat-2-300x266.jpg 300w, https:\/\/zninpowerboat.pl\/wp-content\/uploads\/2023\/05\/wolontariat-2-1024x908.jpg 1024w, https:\/\/zninpowerboat.pl\/wp-content\/uploads\/2023\/05\/wolontariat-2-768x681.jpg 768w, https:\/\/zninpowerboat.pl\/wp-content\/uploads\/2023\/05\/wolontariat-2-370x328.jpg 370w, https:\/\/zninpowerboat.pl\/wp-content\/uploads\/2023\/05\/wolontariat-2-840x745.jpg 840w, https:\/\/zninpowerboat.pl\/wp-content\/uploads\/2023\/05\/wolontariat-2-410x363.jpg 410w\" sizes=\"(max-width: 1119px) 100vw, 1119px\" \/>\t\t\t\t\t\t\t\t\t\t\t<figcaption class=\"widget-image-caption wp-caption-text\"><\/figcaption>\n\t\t\t\t\t\t\t\t\t\t<\/figure>\n\t\t\t\t\t\t\t\t\t<\/div>\n\t\t\t\t<\/div>\n\t\t\t\t<div class=\"elementor-element elementor-element-6c1f6de scheme_dark elementor-widget__width-initial elementor-absolute sc_fly_static elementor-widget elementor-widget-heading\" data-id=\"6c1f6de\" data-element_type=\"widget\" data-e-type=\"widget\" data-settings=\"{&quot;_position&quot;:&quot;absolute&quot;}\" data-widget_type=\"heading.default\">\n\t\t\t\t<div class=\"elementor-widget-container\">\n\t\t\t\t\t<h3 class=\"elementor-heading-title elementor-size-default\">Chcesz zosta\u0107 wolontariuszem?<\/h3>\t\t\t\t<\/div>\n\t\t\t\t<\/div>\n\t\t\t\t\t<\/div>\n\t\t<\/div>\n\t\t\t\t\t<\/div>\n\t\t<\/section>\n\t\t\t\t\t<\/div>\n\t\t<\/div>\n\t\t\t\t<div class=\"elementor-column elementor-col-50 elementor-top-column elementor-element elementor-element-1be4859 sc_inner_width_none sc_content_align_inherit sc_layouts_column_icons_position_left sc_fly_static\" data-id=\"1be4859\" data-element_type=\"column\" data-e-type=\"column\">\n\t\t\t<div class=\"elementor-widget-wrap elementor-element-populated\">\n\t\t\t\t\t\t<div class=\"elementor-element elementor-element-49a0eafd sc_fly_static elementor-widget elementor-widget-trx_sc_title\" data-id=\"49a0eafd\" data-element_type=\"widget\" data-e-type=\"widget\" data-widget_type=\"trx_sc_title.default\">\n\t\t\t\t<div class=\"elementor-widget-container\">\n\t\t\t\t\t<div\t\tclass=\"sc_title color_style_link2 sc_title_default\" ><span class=\"sc_item_subtitle sc_title_subtitle sc_item_subtitle_above sc_item_title_style_default\"><span style=\"font-weight:400;\">Wybierz swoj\u0105 drog\u0119<\/span><\/span><h1 class=\"sc_item_title sc_title_title sc_item_title_style_default sc_item_title_tag\"\n\t\t\t><span class=\"sc_item_title_text\">WOLONTARIAT<\/span><\/h1><\/div>\t\t\t\t<\/div>\n\t\t\t\t<\/div>\n\t\t\t\t<div class=\"elementor-element elementor-element-53a17b28 sc_fly_static elementor-widget elementor-widget-spacer\" data-id=\"53a17b28\" data-element_type=\"widget\" data-e-type=\"widget\" data-widget_type=\"spacer.default\">\n\t\t\t\t<div class=\"elementor-widget-container\">\n\t\t\t\t\t\t\t<div class=\"elementor-spacer\">\n\t\t\t<div class=\"elementor-spacer-inner\"><\/div>\n\t\t<\/div>\n\t\t\t\t\t\t<\/div>\n\t\t\t\t<\/div>\n\t\t\t\t<div class=\"elementor-element elementor-element-478f147f sc_fly_static elementor-widget elementor-widget-text-editor\" data-id=\"478f147f\" data-element_type=\"widget\" data-e-type=\"widget\" data-widget_type=\"text-editor.default\">\n\t\t\t\t<div class=\"elementor-widget-container\">\n\t\t\t\t\t\t\t\t\t<p>Je\u015bli chcesz zosta\u0107 wolontariuszem podczas Motorowodnych Mistrzostw \u015awiata skontaktuj si\u0119 z Miejskim O\u015brodkiem Sportu w \u017bninie.<\/p>\t\t\t\t\t\t\t\t<\/div>\n\t\t\t\t<\/div>\n\t\t\t\t<div class=\"elementor-element elementor-element-74c5bc16 sc_height_small sc_fly_static elementor-widget elementor-widget-spacer\" data-id=\"74c5bc16\" data-element_type=\"widget\" data-e-type=\"widget\" data-widget_type=\"spacer.default\">\n\t\t\t\t<div class=\"elementor-widget-container\">\n\t\t\t\t\t\t\t<div class=\"elementor-spacer\">\n\t\t\t<div class=\"elementor-spacer-inner\"><\/div>\n\t\t<\/div>\n\t\t\t\t\t\t<\/div>\n\t\t\t\t<\/div>\n\t\t\t\t<div class=\"elementor-element elementor-element-68405074 sc_fly_static elementor-widget elementor-widget-heading\" data-id=\"68405074\" data-element_type=\"widget\" data-e-type=\"widget\" data-widget_type=\"heading.default\">\n\t\t\t\t<div class=\"elementor-widget-container\">\n\t\t\t\t\t<h5 class=\"elementor-heading-title elementor-size-default\"><a href=\"tel:48523515301\"><span style=\"font-weight: 300;color: #A5A6AA;margin-right: 15px\"><\/span> 52 302 07 05<\/a><\/h5>\t\t\t\t<\/div>\n\t\t\t\t<\/div>\n\t\t\t\t<div class=\"elementor-element elementor-element-7504712d elementor-widget-divider--view-line sc_fly_static elementor-widget elementor-widget-divider\" data-id=\"7504712d\" data-element_type=\"widget\" data-e-type=\"widget\" data-widget_type=\"divider.default\">\n\t\t\t\t<div class=\"elementor-widget-container\">\n\t\t\t\t\t\t\t<div class=\"elementor-divider\">\n\t\t\t<span class=\"elementor-divider-separator\">\n\t\t\t\t\t\t<\/span>\n\t\t<\/div>\n\t\t\t\t\t\t<\/div>\n\t\t\t\t<\/div>\n\t\t\t\t<div class=\"elementor-element elementor-element-167e75ee sc_fly_static elementor-widget elementor-widget-trx_sc_button\" data-id=\"167e75ee\" data-element_type=\"widget\" data-e-type=\"widget\" data-widget_type=\"trx_sc_button.default\">\n\t\t\t\t<div class=\"elementor-widget-container\">\n\t\t\t\t\t<div\tclass=\"sc_item_button sc_button_wrap\" ><a href=\"https:\/\/zninpowerboat.pl\/kontakt\/\" class=\"sc_button sc_button_decoration sc_button_size_normal sc_button_icon_left\" ><span class=\"sc_button_text\"><span class=\"sc_button_title\">Kontakt<\/span><\/span><\/a><\/div>\t\t\t\t<\/div>\n\t\t\t\t<\/div>\n\t\t\t\t\t<\/div>\n\t\t<\/div>\n\t\t\t\t\t<\/div>\n\t\t<\/section>\n\t\t\t\t<section class=\"elementor-section elementor-top-section elementor-element elementor-element-9d1c875 scheme_light elementor-section-boxed elementor-section-height-default elementor-section-height-default sc_fly_static\" data-id=\"9d1c875\" data-element_type=\"section\" data-e-type=\"section\" data-settings=\"{&quot;background_background&quot;:&quot;classic&quot;}\">\n\t\t\t\t\t\t<div class=\"elementor-container elementor-column-gap-extended\">\n\t\t\t\t\t<div class=\"elementor-column elementor-col-100 elementor-top-column elementor-element elementor-element-42f11d4 sc_inner_width_none sc_content_align_inherit sc_layouts_column_icons_position_left sc_fly_static\" data-id=\"42f11d4\" data-element_type=\"column\" data-e-type=\"column\">\n\t\t\t<div class=\"elementor-widget-wrap elementor-element-populated\">\n\t\t\t\t\t\t<div class=\"elementor-element elementor-element-d487427 sc_height_huge sc_fly_static elementor-widget elementor-widget-spacer\" data-id=\"d487427\" data-element_type=\"widget\" data-e-type=\"widget\" data-widget_type=\"spacer.default\">\n\t\t\t\t<div class=\"elementor-widget-container\">\n\t\t\t\t\t\t\t<div class=\"elementor-spacer\">\n\t\t\t<div class=\"elementor-spacer-inner\"><\/div>\n\t\t<\/div>\n\t\t\t\t\t\t<\/div>\n\t\t\t\t<\/div>\n\t\t\t\t\t<\/div>\n\t\t<\/div>\n\t\t\t\t\t<\/div>\n\t\t<\/section>\n\t\t\t\t<\/div>\n\t\t","protected":false},"excerpt":{"rendered":"<p>Chcesz zosta\u0107 wolontariuszem? Wybierz swoj\u0105 drog\u0119 WOLONTARIAT Je\u015bli chcesz zosta\u0107 wolontariuszem podczas Motorowodnych Mistrzostw \u015awiata skontaktuj si\u0119 z Miejskim O\u015brodkiem Sportu w \u017bninie. 52 302 07 05 Kontakt<\/p>\n","protected":false},"author":1,"featured_media":0,"parent":0,"menu_order":0,"comment_status":"closed","ping_status":"closed","template":"","meta":{"footnotes":""},"class_list":["post-19130","page","type-page","status-publish","hentry"],"yoast_head":"<!-- This site is optimized with the Yoast SEO plugin v20.8 - https:\/\/yoast.com\/wordpress\/plugins\/seo\/ -->\n<title>Wolontariat - Motorowodne Mistrzostwa \u017bnin 2025<\/title>\n<meta name=\"robots\" content=\"index, follow, max-snippet:-1, max-image-preview:large, max-video-preview:-1\" \/>\n<link rel=\"canonical\" href=\"https:\/\/zninpowerboat.pl\/?page_id=19130\" \/>\n<meta property=\"og:locale\" content=\"pl_PL\" \/>\n<meta property=\"og:type\" content=\"article\" \/>\n<meta property=\"og:title\" content=\"Wolontariat - Motorowodne Mistrzostwa \u017bnin 2025\" \/>\n<meta property=\"og:description\" content=\"Chcesz zosta\u0107 wolontariuszem? Wybierz swoj\u0105 drog\u0119 WOLONTARIAT Je\u015bli chcesz zosta\u0107 wolontariuszem podczas Motorowodnych Mistrzostw \u015awiata skontaktuj si\u0119 z Miejskim O\u015brodkiem Sportu w \u017bninie. 52 302 07 05 Kontakt\" \/>\n<meta property=\"og:url\" content=\"https:\/\/zninpowerboat.pl\/?page_id=19130\" \/>\n<meta property=\"og:site_name\" content=\"Motorowodne Mistrzostwa \u017bnin 2025\" \/>\n<meta property=\"article:modified_time\" content=\"2024-05-27T15:30:17+00:00\" \/>\n<meta property=\"og:image\" content=\"https:\/\/zninpowerboat.pl\/wp-content\/uploads\/2023\/05\/wolontariat-2.jpg\" \/>\n<meta name=\"twitter:card\" content=\"summary_large_image\" \/>\n<meta name=\"twitter:label1\" content=\"Szacowany czas czytania\" \/>\n\t<meta name=\"twitter:data1\" content=\"1 minuta\" \/>\n<script type=\"application\/ld+json\" class=\"yoast-schema-graph\">{\"@context\":\"https:\/\/schema.org\",\"@graph\":[{\"@type\":\"WebPage\",\"@id\":\"https:\/\/zninpowerboat.pl\/?page_id=19130\",\"url\":\"https:\/\/zninpowerboat.pl\/?page_id=19130\",\"name\":\"Wolontariat - Motorowodne Mistrzostwa \u017bnin 2025\",\"isPartOf\":{\"@id\":\"https:\/\/zninpowerboat.pl\/#website\"},\"datePublished\":\"2023-05-11T22:19:55+00:00\",\"dateModified\":\"2024-05-27T15:30:17+00:00\",\"breadcrumb\":{\"@id\":\"https:\/\/zninpowerboat.pl\/?page_id=19130#breadcrumb\"},\"inLanguage\":\"pl-PL\",\"potentialAction\":[{\"@type\":\"ReadAction\",\"target\":[\"https:\/\/zninpowerboat.pl\/?page_id=19130\"]}]},{\"@type\":\"BreadcrumbList\",\"@id\":\"https:\/\/zninpowerboat.pl\/?page_id=19130#breadcrumb\",\"itemListElement\":[{\"@type\":\"ListItem\",\"position\":1,\"name\":\"Strona g\u0142\u00f3wna\",\"item\":\"https:\/\/zninpowerboat.pl\/\"},{\"@type\":\"ListItem\",\"position\":2,\"name\":\"Wolontariat\"}]},{\"@type\":\"WebSite\",\"@id\":\"https:\/\/zninpowerboat.pl\/#website\",\"url\":\"https:\/\/zninpowerboat.pl\/\",\"name\":\"Motorowodne Mistrzostwa \u017bnin 2025\",\"description\":\"Oficjalna strona Motorowodnych Mistrzostw Europy w klasach F-700 i F125, Mi\u0119dzynarodowych Motorowodnych Mistrzostw Polski w klasach OSY-400, GT-30, GT-15 w \u017bninie\",\"potentialAction\":[{\"@type\":\"SearchAction\",\"target\":{\"@type\":\"EntryPoint\",\"urlTemplate\":\"https:\/\/zninpowerboat.pl\/?s={search_term_string}\"},\"query-input\":\"required name=search_term_string\"}],\"inLanguage\":\"pl-PL\"}]}<\/script>\n<!-- \/ Yoast SEO plugin. -->","yoast_head_json":{"title":"Wolontariat - Motorowodne Mistrzostwa \u017bnin 2025","robots":{"index":"index","follow":"follow","max-snippet":"max-snippet:-1","max-image-preview":"max-image-preview:large","max-video-preview":"max-video-preview:-1"},"canonical":"https:\/\/zninpowerboat.pl\/?page_id=19130","og_locale":"pl_PL","og_type":"article","og_title":"Wolontariat - Motorowodne Mistrzostwa \u017bnin 2025","og_description":"Chcesz zosta\u0107 wolontariuszem? Wybierz swoj\u0105 drog\u0119 WOLONTARIAT Je\u015bli chcesz zosta\u0107 wolontariuszem podczas Motorowodnych Mistrzostw \u015awiata skontaktuj si\u0119 z Miejskim O\u015brodkiem Sportu w \u017bninie. 52 302 07 05 Kontakt","og_url":"https:\/\/zninpowerboat.pl\/?page_id=19130","og_site_name":"Motorowodne Mistrzostwa \u017bnin 2025","article_modified_time":"2024-05-27T15:30:17+00:00","og_image":[{"url":"https:\/\/zninpowerboat.pl\/wp-content\/uploads\/2023\/05\/wolontariat-2.jpg"}],"twitter_card":"summary_large_image","twitter_misc":{"Szacowany czas czytania":"1 minuta"},"schema":{"@context":"https:\/\/schema.org","@graph":[{"@type":"WebPage","@id":"https:\/\/zninpowerboat.pl\/?page_id=19130","url":"https:\/\/zninpowerboat.pl\/?page_id=19130","name":"Wolontariat - Motorowodne Mistrzostwa \u017bnin 2025","isPartOf":{"@id":"https:\/\/zninpowerboat.pl\/#website"},"datePublished":"2023-05-11T22:19:55+00:00","dateModified":"2024-05-27T15:30:17+00:00","breadcrumb":{"@id":"https:\/\/zninpowerboat.pl\/?page_id=19130#breadcrumb"},"inLanguage":"pl-PL","potentialAction":[{"@type":"ReadAction","target":["https:\/\/zninpowerboat.pl\/?page_id=19130"]}]},{"@type":"BreadcrumbList","@id":"https:\/\/zninpowerboat.pl\/?page_id=19130#breadcrumb","itemListElement":[{"@type":"ListItem","position":1,"name":"Strona g\u0142\u00f3wna","item":"https:\/\/zninpowerboat.pl\/"},{"@type":"ListItem","position":2,"name":"Wolontariat"}]},{"@type":"WebSite","@id":"https:\/\/zninpowerboat.pl\/#website","url":"https:\/\/zninpowerboat.pl\/","name":"Motorowodne Mistrzostwa \u017bnin 2025","description":"Oficjalna strona Motorowodnych Mistrzostw Europy w klasach F-700 i F125, Mi\u0119dzynarodowych Motorowodnych Mistrzostw Polski w klasach OSY-400, GT-30, GT-15 w \u017bninie","potentialAction":[{"@type":"SearchAction","target":{"@type":"EntryPoint","urlTemplate":"https:\/\/zninpowerboat.pl\/?s={search_term_string}"},"query-input":"required name=search_term_string"}],"inLanguage":"pl-PL"}]}},"_links":{"self":[{"href":"https:\/\/zninpowerboat.pl\/index.php?rest_route=\/wp\/v2\/pages\/19130","targetHints":{"allow":["GET"]}}],"collection":[{"href":"https:\/\/zninpowerboat.pl\/index.php?rest_route=\/wp\/v2\/pages"}],"about":[{"href":"https:\/\/zninpowerboat.pl\/index.php?rest_route=\/wp\/v2\/types\/page"}],"author":[{"embeddable":true,"href":"https:\/\/zninpowerboat.pl\/index.php?rest_route=\/wp\/v2\/users\/1"}],"replies":[{"embeddable":true,"href":"https:\/\/zninpowerboat.pl\/index.php?rest_route=%2Fwp%2Fv2%2Fcomments&post=19130"}],"version-history":[{"count":18,"href":"https:\/\/zninpowerboat.pl\/index.php?rest_route=\/wp\/v2\/pages\/19130\/revisions"}],"predecessor-version":[{"id":20014,"href":"https:\/\/zninpowerboat.pl\/index.php?rest_route=\/wp\/v2\/pages\/19130\/revisions\/20014"}],"wp:attachment":[{"href":"https:\/\/zninpowerboat.pl\/index.php?rest_route=%2Fwp%2Fv2%2Fmedia&parent=19130"}],"curies":[{"name":"wp","href":"https:\/\/api.w.org\/{rel}","templated":true}]}}